{"id":1830,"date":"2026-02-06T00:39:23","date_gmt":"2026-02-06T00:39:23","guid":{"rendered":"https:\/\/kejuhealth.com\/?page_id=1830"},"modified":"2026-02-06T00:41:19","modified_gmt":"2026-02-06T00:41:19","slug":"shipping-policy","status":"publish","type":"page","link":"https:\/\/kejuhealth.com\/es\/shipping-policy\/","title":{"rendered":"pol\u00edtica de env\u00edo"},"content":{"rendered":"<div data-elementor-type=\"wp-page\" data-elementor-id=\"1830\" class=\"elementor elementor-1830\" data-elementor-post-type=\"page\">\n\t\t\t\t<div class=\"elementor-element elementor-element-bd8999d e-flex e-con-boxed e-con e-parent\" data-id=\"bd8999d\" data-element_type=\"container\" data-e-type=\"container\" data-settings=\"{&quot;background_background&quot;:&quot;classic&quot;,&quot;ekit_has_onepagescroll_dot&quot;:&quot;yes&quot;}\">\n\t\t\t\t\t<div class=\"e-con-inner\">\n\t\t\t\t<div class=\"elementor-element elementor-element-27c4ad3 elementor-widget elementor-widget-heading\" data-id=\"27c4ad3\" data-element_type=\"widget\" data-e-type=\"widget\" data-settings=\"{&quot;ekit_we_effect_on&quot;:&quot;none&quot;}\" data-widget_type=\"heading.default\">\n\t\t\t\t\t<h1 class=\"elementor-heading-title elementor-size-default\">pol\u00edtica de env\u00edo<\/h1>\t\t\t\t<\/div>\n\t\t\t\t<div class=\"elementor-element elementor-element-931a110 elementor-icon-list--layout-inline elementor-align-center elementor-icon-list-ico-position-0 elementor-list-item-link-full_width elementor-invisible elementor-widget elementor-widget-icon-list\" data-id=\"931a110\" data-element_type=\"widget\" data-e-type=\"widget\" data-settings=\"{&quot;_animation&quot;:&quot;fadeIn&quot;,&quot;_animation_delay&quot;:200,&quot;ekit_we_effect_on&quot;:&quot;none&quot;}\" data-widget_type=\"icon-list.default\">\n\t\t\t\t\t\t\t<ul class=\"elementor-icon-list-items elementor-inline-items\">\n\t\t\t\t\t\t\t<li class=\"elementor-icon-list-item elementor-inline-item\">\n\t\t\t\t\t\t\t\t\t\t\t<a href=\"https:\/\/kejuhealth.com\/es\/\">\n\n\t\t\t\t\t\t\t\t\t\t\t\t<span class=\"elementor-icon-list-icon\">\n\t\t\t\t\t\t\t<i aria-hidden=\"true\" class=\"icon icon-home1\"><\/i>\t\t\t\t\t\t<\/span>\n\t\t\t\t\t\t\t\t\t\t<span class=\"elementor-icon-list-text\">casa<\/span>\n\t\t\t\t\t\t\t\t\t\t\t<\/a>\n\t\t\t\t\t\t\t\t\t<\/li>\n\t\t\t\t\t\t\t\t<li class=\"elementor-icon-list-item elementor-inline-item\">\n\t\t\t\t\t\t\t\t\t\t\t<span class=\"elementor-icon-list-icon\">\n\t\t\t\t\t\t\t<i aria-hidden=\"true\" class=\"icon icon-right-arrow\"><\/i>\t\t\t\t\t\t<\/span>\n\t\t\t\t\t\t\t\t\t\t<span class=\"elementor-icon-list-text\">pol\u00edtica de env\u00edo<\/span>\n\t\t\t\t\t\t\t\t\t<\/li>\n\t\t\t\t\t\t<\/ul>\n\t\t\t\t\t\t<\/div>\n\t\t\t\t\t<\/div>\n\t\t\t\t<\/div>\n\t\t<div class=\"elementor-element elementor-element-7f0aec0 e-flex e-con-boxed e-con e-parent\" data-id=\"7f0aec0\" data-element_type=\"container\" data-e-type=\"container\" data-settings=\"{&quot;ekit_has_onepagescroll_dot&quot;:&quot;yes&quot;}\">\n\t\t\t\t\t<div class=\"e-con-inner\">\n\t\t\t\t<div class=\"elementor-element elementor-element-9deb66b elementor-widget elementor-widget-text-editor\" data-id=\"9deb66b\" data-element_type=\"widget\" data-e-type=\"widget\" data-settings=\"{&quot;ekit_we_effect_on&quot;:&quot;none&quot;}\" data-widget_type=\"text-editor.default\">\n\t\t\t\t\t\t\t\t\t<div id=\"gspb_text-id-gsbp-5c2daff\" class=\"gspb_text gspb_text-id-gsbp-5c2daff\"><div class=\"auto-hide-last-sibling-br paragraph-pP9ZLC paragraph-element br-paragraph-space\"><p><\/p><div id=\"gspb_text-id-gsbp-5c2daff\" class=\"gspb_text gspb_text-id-gsbp-5c2daff\"><div class=\"auto-hide-last-sibling-br paragraph-pP9ZLC paragraph-element br-paragraph-space\"><div id=\"gspb_text-id-gsbp-d6b590e\" class=\"gspb_text gspb_text-id-gsbp-d6b590e\"><div id=\"gspb_text-id-gsbp-d6b590e\" class=\"gspb_text gspb_text-id-gsbp-d6b590e\">En Shandong Keju Pharmaceutical Co., Ltd.\u00a0Nos esforzamos por proporcionar entrega oportuna y eficiente de nuestros productos a nuestros clientes. Enviamos nuestros productos a clientes tanto a nivel nacional como internacional.<\/div><h4 id=\"gspb_heading-id-gsbp-082136f\" class=\"gspb_heading gspb_heading-id-gsbp-082136f wp-block-heading\">Env\u00edos dom\u00e9sticos:<\/h4><div id=\"gspb_iconsList-id-gsbp-e328203\" class=\"wp-block-greenshift-blocks-iconlist gspb_iconsList gspb_iconsList-id-gsbp-e328203\"><div class=\"gspb_iconsList__item\" data-id=\"0\"><span class=\"gspb_iconsList__item__text\">Enviamos nuestros productos dentro de China continental a trav\u00e9s de varios transportistas, dependiendo del producto y la ubicaci\u00f3n del cliente.<\/span><\/div><div class=\"gspb_iconsList__item\" data-id=\"1\"><span class=\"gspb_iconsList__item__text\">Las tarifas de env\u00edo nacionales pueden variar seg\u00fan el peso y el tama\u00f1o del producto, as\u00ed como el destino de env\u00edo.<\/span><\/div><div class=\"gspb_iconsList__item\" data-id=\"2\"><span class=\"gspb_iconsList__item__text\">El tiempo de entrega estimado para env\u00edos nacionales suele ser de 3 a 7 d\u00edas h\u00e1biles, dependiendo del transportista y el destino de env\u00edo.<\/span><\/div><\/div><h4 id=\"gspb_heading-id-gsbp-44de51b\" class=\"gspb_heading gspb_heading-id-gsbp-44de51b\">Env\u00edo internacional:<\/h4><div id=\"gspb_iconsList-id-gsbp-b3b9d3c\" class=\"wp-block-greenshift-blocks-iconlist gspb_iconsList gspb_iconsList-id-gsbp-b3b9d3c\"><div class=\"gspb_iconsList__item\" data-id=\"0\"><span class=\"gspb_iconsList__item__text\">Enviamos nuestros productos a clientes internacionales a trav\u00e9s de varios transportistas, dependiendo del producto y la ubicaci\u00f3n del cliente.<\/span><\/div><div class=\"gspb_iconsList__item\" data-id=\"1\"><span class=\"gspb_iconsList__item__text\">Las tarifas de env\u00edo internacional pueden variar seg\u00fan el peso y el tama\u00f1o del producto, as\u00ed como el destino de env\u00edo.<\/span><\/div><div class=\"gspb_iconsList__item\" data-id=\"2\"><span class=\"gspb_iconsList__item__text\">El tiempo de entrega estimado para env\u00edos internacionales var\u00eda seg\u00fan el transportista y el destino de env\u00edo. Los tiempos de entrega pueden verse afectados por la aduana y otros factores fuera de nuestro control.<\/span><\/div><div class=\"gspb_iconsList__item\" data-id=\"3\"><span class=\"gspb_iconsList__item__text\">Tenga en cuenta que no somos responsables de los derechos de aduana, impuestos o tarifas que pueda imponer el pa\u00eds de destino. El cliente es responsable de tales tarifas.<\/span><\/div><\/div><div id=\"gspb_text-id-gsbp-16c0190\" class=\"gspb_text gspb_text-id-gsbp-16c0190\">Si tiene alguna pregunta o inquietud sobre el env\u00edo, no dude en contactarnos en <span class=\"gspb_iconsList__item__text\"><em><strong><a href=\"mailto:yuhaizhang@kejuyaoye.com.cn\">yuhaizhang@kejuyaoye.com.cn<\/a><\/strong><\/em><\/span>.<\/div><\/div><\/div><\/div><\/div><\/div>\t\t\t\t\t\t\t\t<\/div>\n\t\t\t\t\t<\/div>\n\t\t\t\t<\/div>\n\t\t\t\t<\/div>","protected":false},"excerpt":{"rendered":"<p>Shipping Policy Home Shipping Policy At Shandong Keju Pharmaceutical Co., Ltd.\u00a0we strive to provide timely and efficient delivery of our products to our customers. We ship our products to customers both domestically and internationally. Domestic Shipping: We ship our products within mainland China via various shipping carriers, depending on the product and the location of [&hellip;]<\/p>\n","protected":false},"author":1,"featured_media":0,"parent":0,"menu_order":0,"comment_status":"closed","ping_status":"closed","template":"","meta":{"footnotes":""},"class_list":["post-1830","page","type-page","status-publish","hentry"],"_links":{"self":[{"href":"https:\/\/kejuhealth.com\/es\/wp-json\/wp\/v2\/pages\/1830","targetHints":{"allow":["GET"]}}],"collection":[{"href":"https:\/\/kejuhealth.com\/es\/wp-json\/wp\/v2\/pages"}],"about":[{"href":"https:\/\/kejuhealth.com\/es\/wp-json\/wp\/v2\/types\/page"}],"author":[{"embeddable":true,"href":"https:\/\/kejuhealth.com\/es\/wp-json\/wp\/v2\/users\/1"}],"replies":[{"embeddable":true,"href":"https:\/\/kejuhealth.com\/es\/wp-json\/wp\/v2\/comments?post=1830"}],"version-history":[{"count":7,"href":"https:\/\/kejuhealth.com\/es\/wp-json\/wp\/v2\/pages\/1830\/revisions"}],"predecessor-version":[{"id":1837,"href":"https:\/\/kejuhealth.com\/es\/wp-json\/wp\/v2\/pages\/1830\/revisions\/1837"}],"wp:attachment":[{"href":"https:\/\/kejuhealth.com\/es\/wp-json\/wp\/v2\/media?parent=1830"}],"curies":[{"name":"wp","href":"https:\/\/api.w.org\/{rel}","templated":true}]}}