{"id":3,"date":"2026-01-16T08:53:21","date_gmt":"2026-01-16T08:53:21","guid":{"rendered":"https:\/\/kejuhealth.com\/?page_id=3"},"modified":"2026-02-05T09:25:12","modified_gmt":"2026-02-05T09:25:12","slug":"privacy-policy","status":"publish","type":"page","link":"https:\/\/kejuhealth.com\/es\/privacy-policy\/","title":{"rendered":"Pol\u00edtica de privacidad"},"content":{"rendered":"<div data-elementor-type=\"wp-page\" data-elementor-id=\"3\" class=\"elementor elementor-3\" data-elementor-post-type=\"page\">\n\t\t\t\t<div class=\"elementor-element elementor-element-ad91820 e-flex e-con-boxed e-con e-parent\" data-id=\"ad91820\" data-element_type=\"container\" data-e-type=\"container\" data-settings=\"{&quot;background_background&quot;:&quot;classic&quot;,&quot;ekit_has_onepagescroll_dot&quot;:&quot;yes&quot;}\">\n\t\t\t\t\t<div class=\"e-con-inner\">\n\t\t\t\t<div class=\"elementor-element elementor-element-a981665 elementor-widget elementor-widget-heading\" data-id=\"a981665\" data-element_type=\"widget\" data-e-type=\"widget\" data-settings=\"{&quot;ekit_we_effect_on&quot;:&quot;none&quot;}\" data-widget_type=\"heading.default\">\n\t\t\t\t\t<h1 class=\"elementor-heading-title elementor-size-default\">Pol\u00edtica de privacidad<\/h1>\t\t\t\t<\/div>\n\t\t\t\t<div class=\"elementor-element elementor-element-6442c58 elementor-icon-list--layout-inline elementor-align-center elementor-icon-list-ico-position-0 elementor-list-item-link-full_width elementor-invisible elementor-widget elementor-widget-icon-list\" data-id=\"6442c58\" data-element_type=\"widget\" data-e-type=\"widget\" data-settings=\"{&quot;_animation&quot;:&quot;fadeIn&quot;,&quot;_animation_delay&quot;:200,&quot;ekit_we_effect_on&quot;:&quot;none&quot;}\" data-widget_type=\"icon-list.default\">\n\t\t\t\t\t\t\t<ul class=\"elementor-icon-list-items elementor-inline-items\">\n\t\t\t\t\t\t\t<li class=\"elementor-icon-list-item elementor-inline-item\">\n\t\t\t\t\t\t\t\t\t\t\t<a href=\"https:\/\/kejuhealth.com\/es\/\">\n\n\t\t\t\t\t\t\t\t\t\t\t\t<span class=\"elementor-icon-list-icon\">\n\t\t\t\t\t\t\t<i aria-hidden=\"true\" class=\"icon icon-home1\"><\/i>\t\t\t\t\t\t<\/span>\n\t\t\t\t\t\t\t\t\t\t<span class=\"elementor-icon-list-text\">casa<\/span>\n\t\t\t\t\t\t\t\t\t\t\t<\/a>\n\t\t\t\t\t\t\t\t\t<\/li>\n\t\t\t\t\t\t\t\t<li class=\"elementor-icon-list-item elementor-inline-item\">\n\t\t\t\t\t\t\t\t\t\t\t<span class=\"elementor-icon-list-icon\">\n\t\t\t\t\t\t\t<i aria-hidden=\"true\" class=\"icon icon-right-arrow\"><\/i>\t\t\t\t\t\t<\/span>\n\t\t\t\t\t\t\t\t\t\t<span class=\"elementor-icon-list-text\">Pol\u00edtica de privacidad<\/span>\n\t\t\t\t\t\t\t\t\t<\/li>\n\t\t\t\t\t\t<\/ul>\n\t\t\t\t\t\t<\/div>\n\t\t\t\t\t<\/div>\n\t\t\t\t<\/div>\n\t\t<div class=\"elementor-element elementor-element-760f245 e-flex e-con-boxed e-con e-parent\" data-id=\"760f245\" data-element_type=\"container\" data-e-type=\"container\" data-settings=\"{&quot;ekit_has_onepagescroll_dot&quot;:&quot;yes&quot;}\">\n\t\t\t\t\t<div class=\"e-con-inner\">\n\t\t\t\t<div class=\"elementor-element elementor-element-617be4c elementor-widget elementor-widget-text-editor\" data-id=\"617be4c\" data-element_type=\"widget\" data-e-type=\"widget\" data-settings=\"{&quot;ekit_we_effect_on&quot;:&quot;none&quot;}\" data-widget_type=\"text-editor.default\">\n\t\t\t\t\t\t\t\t\t<p><\/p>\n<div id=\"gspb_text-id-gsbp-5c2daff\" class=\"gspb_text gspb_text-id-gsbp-5c2daff\">\n<div class=\"auto-hide-last-sibling-br paragraph-pP9ZLC paragraph-element br-paragraph-space\">\n<p>Shandong Keju Pharmaceutical Co., Ltd se compromete a proteger su privacidad y ganar su confianza. \u201cKeju Pharmaceutical\u00a0no vende, intercambia ni alquila su informaci\u00f3n personal a otros. Esta pol\u00edtica revela las pr\u00e1cticas de privacidad del \u201csitio web farmac\u00e9utico Keju. Utilizamos la informaci\u00f3n que recopilamos sobre usted del \u201csitio web farmac\u00e9utico Keju para procesar pedidos y mantener una relaci\u00f3n con usted durante el uso de nuestros productos y servicios. Esta pol\u00edtica explica c\u00f3mo se protege su informaci\u00f3n personal. Es nuestra intenci\u00f3n darle el mayor control posible sobre su privacidad y informaci\u00f3n personal y el uso que hacemos de ella en nuestro negocio.<\/p>\n<\/div>\n<div class=\"container-Uxvbjy md-box-line-break wrapper-GYqxgQ undefined\">\u00a0<\/div>\n<h4 class=\"auto-hide-last-sibling-br paragraph-pP9ZLC paragraph-element br-paragraph-space wp-block-heading\">\u00bfC\u00f3mo utiliza Keju Pharmaceutica mi informaci\u00f3n?<\/h4>\n<div class=\"container-Uxvbjy md-box-line-break wrapper-GYqxgQ undefined\">\u00a0<\/div>\n<div class=\"auto-hide-last-sibling-br paragraph-pP9ZLC paragraph-element br-paragraph-space\">\n<p>Recopilamos informaci\u00f3n personal para ayudarnos a proporcionar una experiencia de usuario de alta calidad y para ayudar a Keju Pharmaceutical a comprender mejor a nuestros clientes. T Farmac\u00e9utico\u00a0no vende, intercambia o alquila su informaci\u00f3n personal a otros. La informaci\u00f3n personal que elija brindarnos permite que Keju Pharmaceutical\u00a0procese y cumpla con su solicitud de una prueba gratuita del Centro de capacitaci\u00f3n farmac\u00e9utica Keju. Tambi\u00e9n utilizamos esa informaci\u00f3n si decide ordenar nuestros productos y servicios para procesar y completar su pedido y notificarle el estado de su pedido.<\/p>\n<p>\u00a0<\/p>\n<ol>\n<li>Utilizamos la informaci\u00f3n personal que nos proporciona para proporcionarle informaci\u00f3n actualizada sobre productos y servicios farmac\u00e9uticos Keju.<\/li>\n<li>Podemos usar la informaci\u00f3n que recopilamos para notificarle de vez en cuando sobre cambios importantes en la funcionalidad del sitio web, nuevos productos y productos farmac\u00e9uticos Keju, y ofertas especiales que creemos que encontrar\u00e1 valiosos.<\/li>\n<li>Cuando nos proporciona informaci\u00f3n personal para participar en un concurso o promoci\u00f3n patrocinado por Keju Pharmaceuloor o sus socios, utilizamos esta informaci\u00f3n para administrar el concurso y notificar a los ganadores. Guardamos toda la informaci\u00f3n relacionada con dichos concursos y promociones.<\/li>\n<li>Entregaremos anuncios o promociones espec\u00edficas a nuestros clientes utilizando la informaci\u00f3n personal que nos proporcione. No permitimos que los anunciantes tengan acceso a la informaci\u00f3n de la cuenta individual. Estos anuncios suelen ser anuncios publicitarios y correos electr\u00f3nicos promocionales.<\/li>\n<li>Tambi\u00e9n investigamos la demograf\u00eda, los intereses y el comportamiento de nuestros usuarios en funci\u00f3n de la informaci\u00f3n que nos brinda en nuestra herramienta de encuesta en l\u00ednea. Recopilamos y analizamos esta informaci\u00f3n de forma agregada o an\u00f3nima.<\/li>\n<li>Utilizamos las direcciones IP que recopilamos para informar informaci\u00f3n agregada o an\u00f3nima a nuestros anunciantes.<\/li>\n<\/ol>\n<\/div>\n<div class=\"container-Uxvbjy md-box-line-break wrapper-GYqxgQ undefined\">\u00a0<\/div>\n<h4 class=\"auto-hide-last-sibling-br paragraph-pP9ZLC paragraph-element br-paragraph-space\">\u00bfQui\u00e9n recopila informaci\u00f3n?<\/h4>\n<div class=\"container-Uxvbjy md-box-line-break wrapper-GYqxgQ undefined\">\u00a0<\/div>\n<div class=\"auto-hide-last-sibling-br paragraph-pP9ZLC paragraph-element br-paragraph-space\">\n<p>Cuando proporciona informaci\u00f3n personal en un sitio farmac\u00e9utico Keju, comparte esa informaci\u00f3n solo con Keju Pharmaceutical a menos que se le indique espec\u00edficamente lo contrario. Si una empresa que no sea Keju Pharmaceutical est\u00e1 recopilando o manteniendo sus datos personales de nuestro sitio web, se le informar\u00e1 antes de recopilarlos o transferirlos. Siempre puede optar por no compartir la informaci\u00f3n. Cuando las empresas que no sean las promociones de patrocinadores farmac\u00e9uticos Keju, los datos recopilados en el sitio farmac\u00e9utico Keju en relaci\u00f3n con estas promociones pueden compartirse con el patrocinador. Una vez m\u00e1s, si este es el caso, se le notificar\u00e1 antes de recopilar o transferir los datos, y puede decidir no participar. La mayor\u00eda de estas promociones est\u00e1n limitadas a los residentes de Estados Unidos o Norteam\u00e9rica. Si deja nuestro sitio web utilizando enlaces para ir a otros sitios web de terceros, esos terceros pueden recopilar informaci\u00f3n sobre usted. Esta Pol\u00edtica de Privacidad no cubre las pr\u00e1cticas de esas empresas.<\/p>\n<\/div>\n<div class=\"container-Uxvbjy md-box-line-break wrapper-GYqxgQ undefined\">\u00a0<\/div>\n<h4 class=\"auto-hide-last-sibling-br paragraph-pP9ZLC paragraph-element br-paragraph-space\">\u00bfKeju Pharmaceutica comparte mi informaci\u00f3n?<\/h4>\n<p>Aparte de lo establecido en esta pol\u00edtica, Keju Pharmaceutical\u00a0no divulga ninguna de sus datos personales a terceros sin su permiso. Lea las siguientes secciones para obtener m\u00e1s informaci\u00f3n.<\/p>\n<div class=\"container-Uxvbjy md-box-line-break wrapper-GYqxgQ undefined\">\u00a0<\/div>\n<h4 class=\"auto-hide-last-sibling-br paragraph-pP9ZLC paragraph-element br-paragraph-space\">Otras situaciones<\/h4>\n<div class=\"container-Uxvbjy md-box-line-break wrapper-GYqxgQ undefined\">\u00a0<\/div>\n<div class=\"auto-hide-last-sibling-br paragraph-pP9ZLC paragraph-element br-paragraph-space\">\n<p>Keju Pharmaceutical tambi\u00e9n puede divulgar su informaci\u00f3n cuando sea necesaria la divulgaci\u00f3n para identificar, contactar o iniciar acciones legales contra alguien que pueda estar causando lesiones o interferencias con nuestros derechos o derechos de propiedad, los derechos de los usuarios u otros derechos. De la misma manera, Keju Pharmaceutical divulgar\u00e1 informaci\u00f3n cuando creemos razonablemente que la divulgaci\u00f3n es obligatoria por ley o para cumplir con un proceso legal que se entrega en Keju Pharmaceutical o en su sitio web. Podemos divulgar su informaci\u00f3n personal de buena fe que debemos actuar en circunstancias exigentes para proteger la seguridad personal de los usuarios de Keju Pharmaceutical, su sitio web o el p\u00fablico.<\/p>\n<\/div>\n<div class=\"container-Uxvbjy md-box-line-break wrapper-GYqxgQ undefined\">\u00a0<\/div>\n<h4 class=\"auto-hide-last-sibling-br paragraph-pP9ZLC paragraph-element br-paragraph-space\">\u00bfC\u00f3mo protege Keju Pharmaceutica su tarjeta de cr\u00e9dito e informaci\u00f3n financiera?<\/h4>\n<div class=\"auto-hide-last-sibling-br paragraph-pP9ZLC paragraph-element br-paragraph-space\">\n<div class=\"container-Uxvbjy md-box-line-break wrapper-GYqxgQ undefined\">\u00a0<\/div>\nEstamos comprometidos a proteger la privacidad de su tarjeta de cr\u00e9dito y de la informaci\u00f3n de su cuenta financiera. No vendemos, intercambiamos ni alquilamos su informaci\u00f3n financiera o de tarjeta de cr\u00e9dito. No ponemos a disposici\u00f3n de nadie esta informaci\u00f3n sin su permiso. Podemos proporcionar datos estad\u00edsticos sobre nuestros clientes a anunciantes, socios, proveedores y otros terceros de buena reputaci\u00f3n. Estos datos se componen \u00fanicamente de datos agregados o an\u00f3nimos, que no contienen ninguna informaci\u00f3n de identificaci\u00f3n personal. Por ejemplo, no revelaremos que usted compr\u00f3 un producto espec\u00edfico, pero podr\u00edamos revelar estad\u00edsticas sobre cu\u00e1ntos clientes han comprado un producto espec\u00edfico. Cuando ingresa la informaci\u00f3n de la tarjeta de cr\u00e9dito en nuestro sitio web, transmitimos la informaci\u00f3n en formato cifrado, utilizando el cifrado est\u00e1ndar de la industria de la capa de socket (SSL).<\/div>\n<div class=\"container-Uxvbjy md-box-line-break wrapper-GYqxgQ undefined\">\u00a0<\/div>\n<h4 class=\"auto-hide-last-sibling-br paragraph-pP9ZLC paragraph-element br-paragraph-space\">Sus derechos relacionados con sus datos personales<\/h4>\n<div class=\"container-Uxvbjy md-box-line-break wrapper-GYqxgQ undefined\">\u00a0<\/div>\n<div class=\"auto-hide-last-sibling-br paragraph-pP9ZLC paragraph-element br-paragraph-space\">Tiene derecho bajo esta Pol\u00edtica de Privacidad y Cookies, y por ley, si se encuentra dentro de la UE, a:<\/div>\n<div class=\"container-Uxvbjy md-box-line-break wrapper-GYqxgQ undefined\">\u00a0<\/div>\n<div class=\"auto-hide-last-sibling-br paragraph-pP9ZLC paragraph-element br-paragraph-space\">-Solicitar acceso a sus datos personales. Si se encuentra dentro de la UE, esto le permite recibir una copia de los datos personales que tenemos sobre usted y verificar que los estamos procesando legalmente.\n<div class=\"container-Uxvbjy md-box-line-break wrapper-GYqxgQ undefined\">\u00a0<\/div>\n-Solicitar correcci\u00f3n de los datos personales que tenemos sobre usted. Esto le permite tener corregida cualquier informaci\u00f3n incompleta o inexacta que tengamos sobre usted.\n<div class=\"container-Uxvbjy md-box-line-break wrapper-GYqxgQ undefined\">\u00a0<\/div>\n-Solicitar supresi\u00f3n de sus datos personales. Esto le permite solicitarnos que eliminemos o eliminemos datos personales donde no hay una buena raz\u00f3n para que sigamos procesando. Tambi\u00e9n tiene derecho si est\u00e1 dentro de la UE a solicitarnos que eliminemos o eliminemos sus datos personales donde haya ejercido su derecho a oponerse al procesamiento (ver m\u00e1s abajo).\n<div class=\"container-Uxvbjy md-box-line-break wrapper-GYqxgQ undefined\">\u00a0<\/div>\n-Objeto al tratamiento de sus datos personales. Este derecho existe cuando confiamos en un inter\u00e9s leg\u00edtimo como base legal para nuestro tratamiento y hay algo sobre su situaci\u00f3n particular, que hace querer oponerse al tratamiento de sus datos personales sobre este motivo. Tambi\u00e9n tiene derecho a oponerse a d\u00f3nde estamos procesando sus datos personales con fines de marketing directo.\n<div class=\"container-Uxvbjy md-box-line-break wrapper-GYqxgQ undefined\">\u00a0<\/div>\n-Solicitar la restricci\u00f3n del tratamiento de sus datos personales. Esto le permite solicitarnos que suspendamos el tratamiento de datos personales sobre usted, por ejemplo, si desea que establezcamos su exactitud o el motivo de su tratamiento.\n<div class=\"container-Uxvbjy md-box-line-break wrapper-GYqxgQ undefined\">\u00a0<\/div>\n-Solicitar la transferencia de sus datos personales. Si se encuentra dentro de la UE, le proporcionaremos a usted, o a un tercero, que haya elegido, sus datos personales en un formato estructurado, de uso com\u00fan y legible por m\u00e1quina. Tenga en cuenta que este derecho solo se aplica a la informaci\u00f3n automatizada que inicialmente brind\u00f3 su consentimiento para que la usemos o cuando usemos la informaci\u00f3n para realizar un contrato con usted.\n<div class=\"container-Uxvbjy md-box-line-break wrapper-GYqxgQ undefined\">\u00a0<\/div>\n-Retira el consentimiento. Este derecho solo existe cuando confiamos en el consentimiento para procesar sus datos personales (\u201cRetiro de consentimiento\u201d). Si retira su consentimiento, es posible que no podamos proporcionarle acceso a ciertas funcionalidades espec\u00edficas de nuestro sitio. Le asesoraremos si este es el caso en el momento de retirar su consentimiento<\/div>\n<div class=\"container-Uxvbjy md-box-line-break wrapper-GYqxgQ undefined\">\u00a0<\/div>\n<h4 class=\"auto-hide-last-sibling-br paragraph-pP9ZLC paragraph-element br-paragraph-space\">quejas<\/h4>\n<div class=\"container-Uxvbjy md-box-line-break wrapper-GYqxgQ undefined\">\u00a0<\/div>\n<div class=\"auto-hide-last-sibling-br paragraph-pP9ZLC paragraph-element br-paragraph-space\">Si desea presentar una queja sobre esta Pol\u00edtica de Privacidad o nuestras pr\u00e1cticas en relaci\u00f3n con sus datos personales, cont\u00e1ctenos en: <em><strong><a href=\"mailto:yuhaizhang@kejuyaoye.com.cn\">yuhaizhang@kejuyaoye.com.cn<\/a><\/strong><\/em>.<\/div>\n<div class=\"auto-hide-last-sibling-br paragraph-pP9ZLC paragraph-element br-paragraph-space\">Responderemos a su queja tan pronto como podamos.<\/div>\n<div class=\"container-Uxvbjy md-box-line-break wrapper-GYqxgQ undefined\">\u00a0<\/div>\n<div class=\"auto-hide-last-sibling-br paragraph-pP9ZLC paragraph-element br-paragraph-space\">Si cree que su queja no se ha resuelto adecuadamente, tenga en cuenta que si se encuentra en la UE, el RGPD le otorga el derecho de comunicarse con su autoridad de supervisi\u00f3n de protecci\u00f3n de datos local.<\/div>\n<div class=\"container-Uxvbjy md-box-line-break wrapper-GYqxgQ undefined\">\u00a0<\/div>\n<div class=\"auto-hide-last-sibling-br paragraph-pP9ZLC paragraph-element br-paragraph-space\">Archivos de registro: su navegador informa autom\u00e1ticamente la informaci\u00f3n del archivo de registro cada vez que accede a una p\u00e1gina web. Cuando utiliza los Servicios, nuestros servidores registran autom\u00e1ticamente cierta informaci\u00f3n que su navegador web env\u00eda cada vez que visita cualquier sitio web. Estos registros de servidor pueden incluir informaci\u00f3n como su solicitud web, direcci\u00f3n de protocolo de Internet, tipo de navegador, p\u00e1ginas de referencia y URL de salida, n\u00famero de clics, nombres de dominio, p\u00e1ginas de destino, p\u00e1ginas vistas y otra informaci\u00f3n de este tipo.<\/div>\n<div class=\"container-Uxvbjy md-box-line-break wrapper-GYqxgQ undefined\">\u00a0<\/div>\n<h4 class=\"auto-hide-last-sibling-br paragraph-pP9ZLC paragraph-element br-paragraph-space\">Cu\u00e1nto tiempo almacenamos sus datos personales<\/h4>\n<div class=\"container-Uxvbjy md-box-line-break wrapper-GYqxgQ undefined\">\u00a0<\/div>\n<div class=\"auto-hide-last-sibling-br paragraph-pP9ZLC paragraph-element br-paragraph-space\">Conservaremos su informaci\u00f3n mientras su cuenta est\u00e9 activa o sea razonablemente necesaria para los fines establecidos en c\u00f3mo usamos sus datos personales y por qu\u00e9, a menos que solicite que eliminemos sus datos personales como se describe en sus derechos relacionados con sus datos personales. Solo conservaremos sus datos personales durante el tiempo que necesitemos utilizarlos razonablemente para estos fines, a menos que la ley requiera un per\u00edodo de retenci\u00f3n m\u00e1s largo (por ejemplo, para fines regulatorios). Esto puede incluir mantener sus datos personales despu\u00e9s de haber desactivado su cuenta durante el per\u00edodo de tiempo necesario para que busquemos intereses comerciales leg\u00edtimos, realice auditor\u00edas, cumpla con (y demuestre el cumplimiento de) obligaciones legales, resuelva disputas y haga cumplir nuestros acuerdos.<\/div>\n<div class=\"container-Uxvbjy md-box-line-break wrapper-GYqxgQ undefined\">\u00a0<\/div>\n<h4 class=\"auto-hide-last-sibling-br paragraph-pP9ZLC paragraph-element br-paragraph-space\">\u00bfQu\u00e9 son las cookies y c\u00f3mo las usa Keju Pharmaceutica?<\/h4>\n<div class=\"container-Uxvbjy md-box-line-break wrapper-GYqxgQ undefined\">\u00a0<\/div>\n<div class=\"auto-hide-last-sibling-br paragraph-pP9ZLC paragraph-element br-paragraph-space\">\n<p>Partes de nuestro sistema de gesti\u00f3n de aprendizaje usan \u201ccookies\u201d para que pueda reconocer de inmediato a un usuario y luego adjuntar diferentes permisos asociados con la funcionalidad en el sistema. Una \u201ccookie\u201d es una parte de los datos que se env\u00edan a su navegador desde un servidor web y que su navegador almacena en el disco duro de su computadora. La configuraci\u00f3n de su navegador debe estar configurada para aceptar cookies antes de que pueda iniciar sesi\u00f3n o personalizar. La mayor\u00eda de los navegadores est\u00e1n configurados para aceptar cookies, pero normalmente puede cambiar la configuraci\u00f3n de su navegador para rechazarlas. T Pharmaceutical\u00a0no utiliza cookies para recuperar informaci\u00f3n personal sobre usted de su computadora. Esta pol\u00edtica no cubre el uso de cookies por parte de cualquier anunciante de nuestro sitio web. t Farmac\u00e9utico utiliza cookies para:<\/p>\n<p>\u00a0<\/p>\n<p>Localice su nombre y la informaci\u00f3n de su cuenta cuando inicie sesi\u00f3n en su Centro de Capacitaci\u00f3n Farmac\u00e9utica Keju para que pueda acceder a la informaci\u00f3n de su cuenta. Cuando inicia sesi\u00f3n, la cookie est\u00e1 configurada y, cuando cierra la sesi\u00f3n, se modifica la cookie.<\/p>\n<p>\u00a0<\/p>\n<p>Estima el tama\u00f1o de nuestra audiencia. Cada navegador que visita nuestro sitio recibe una cookie \u00fanica, que luego se utiliza para determinar el alcance de las visitas repetidas y la cantidad de visitantes \u00fanicos.<\/p>\n<p>\u00a0<\/p>\n<\/div>\n<h4 class=\"auto-hide-last-sibling-br paragraph-pP9ZLC paragraph-element br-paragraph-space\">su consentimiento<\/h4>\n<div class=\"container-Uxvbjy md-box-line-break wrapper-GYqxgQ undefined\">\u00a0<\/div>\n<div class=\"auto-hide-last-sibling-br paragraph-pP9ZLC paragraph-element br-paragraph-space\">\n<p>Al utilizar nuestro sitio web, usted acepta la recopilaci\u00f3n y el uso de esta informaci\u00f3n por Keju Pharmaceutical. Si decidimos cambiar nuestra pol\u00edtica de privacidad, publicaremos esos cambios en esta p\u00e1gina para que siempre est\u00e9 al tanto de qu\u00e9 informaci\u00f3n recopilamos, c\u00f3mo la usamos y en qu\u00e9 circunstancias la divulgamos.<\/p>\n<\/div>\n<h4 class=\"auto-hide-last-sibling-br paragraph-pP9ZLC paragraph-element br-paragraph-space\">Pol\u00edtica de inclusi\u00f3n \/ exclusi\u00f3n<\/h4>\n<div class=\"container-Uxvbjy md-box-line-break wrapper-GYqxgQ undefined\">\u00a0<\/div>\n<div class=\"auto-hide-last-sibling-br paragraph-pP9ZLC paragraph-element br-paragraph-space\">\n<p>Al registrarse o enviar informaci\u00f3n personal, Keju Pharmaceutical le ofrece la opci\u00f3n de recibir m\u00e1s comunicaciones de Keju Pharmaceutical. Si elige recibir estas comunicaciones, Keju Pharmaceutical\u00a0ocasionalmente le enviar\u00e1 correos electr\u00f3nicos o correo postal sobre productos y servicios que creemos que pueden ser de su inter\u00e9s. Para no recibir estas ofertas, simplemente siga las instrucciones de \u201ccancelar suscripci\u00f3n\u201d incluidas en cada correo electr\u00f3nico.<\/p>\n<p>\u00a0<\/p>\n<p>Si prefiere dejar de recibir informaci\u00f3n de Keju Pharmaceutical por correo electr\u00f3nico, puede optar por no recibir estas comunicaciones siguiendo las instrucciones incluidas en cada correo electr\u00f3nico. Si prefiere dejar de recibir informaci\u00f3n de las piezas de veh\u00edculos farmac\u00e9uticos Keju v\u00eda correo postal, cont\u00e1ctenos al <em><strong><a href=\"mailto:yuhaizhang@kejuyaoye.com.cn\">yuhaizhang@kejuyaoye.com.cn<\/a><\/strong><\/em>.Keju Pharmaceutical no vende, comercializa ni alquila su informaci\u00f3n personal a otros.<\/p>\n<\/div>\n<div class=\"container-Uxvbjy md-box-line-break wrapper-GYqxgQ undefined\">\u00a0<\/div>\n<h4 class=\"auto-hide-last-sibling-br paragraph-pP9ZLC paragraph-element br-paragraph-space\">Contactando con el sitio web<\/h4>\n<div class=\"container-Uxvbjy md-box-line-break wrapper-GYqxgQ undefined\">\u00a0<\/div>\n<div class=\"auto-hide-last-sibling-br paragraph-pP9ZLC paragraph-element br-paragraph-space\">Si tiene alguna pregunta sobre esta Pol\u00edtica de Privacidad, las pr\u00e1cticas de este Sitio o sus relaciones con este sitio web, p\u00f3ngase en contacto con: <em><strong><a href=\"mailto:yuhaizhang@kejuyaoye.com.cn\">yuhaizhang@kejuyaoye.com.cn<\/a><\/strong><\/em>.<\/div>\n<\/div>\n<div id=\"gspb_text-id-gsbp-6088ad6\" class=\"gspb_text gspb_text-id-gsbp-6088ad6\">\u00a0<\/div>\t\t\t\t\t\t\t\t<\/div>\n\t\t\t\t\t<\/div>\n\t\t\t\t<\/div>\n\t\t\t\t<\/div>","protected":false},"excerpt":{"rendered":"<p>Privacy Policy Home Privacy Policy Shandong Keju Pharmaceutical Co., Ltd. is committed to protecting your privacy and earning your trust. &#8220;Keju Pharmaceutical\u00a0does not sell, trade, or rent your personal information to others. This policy discloses the privacy practices for the &#8220;Keju Pharmaceutical\u00a0Web site. We use the information we collect about you from the &#8220;Keju Pharmaceutical\u00a0Web [&hellip;]<\/p>\n","protected":false},"author":1,"featured_media":0,"parent":0,"menu_order":0,"comment_status":"closed","ping_status":"open","template":"","meta":{"footnotes":""},"class_list":["post-3","page","type-page","status-publish","hentry"],"_links":{"self":[{"href":"https:\/\/kejuhealth.com\/es\/wp-json\/wp\/v2\/pages\/3","targetHints":{"allow":["GET"]}}],"collection":[{"href":"https:\/\/kejuhealth.com\/es\/wp-json\/wp\/v2\/pages"}],"about":[{"href":"https:\/\/kejuhealth.com\/es\/wp-json\/wp\/v2\/types\/page"}],"author":[{"embeddable":true,"href":"https:\/\/kejuhealth.com\/es\/wp-json\/wp\/v2\/users\/1"}],"replies":[{"embeddable":true,"href":"https:\/\/kejuhealth.com\/es\/wp-json\/wp\/v2\/comments?post=3"}],"version-history":[{"count":6,"href":"https:\/\/kejuhealth.com\/es\/wp-json\/wp\/v2\/pages\/3\/revisions"}],"predecessor-version":[{"id":1824,"href":"https:\/\/kejuhealth.com\/es\/wp-json\/wp\/v2\/pages\/3\/revisions\/1824"}],"wp:attachment":[{"href":"https:\/\/kejuhealth.com\/es\/wp-json\/wp\/v2\/media?parent=3"}],"curies":[{"name":"wp","href":"https:\/\/api.w.org\/{rel}","templated":true}]}}