{"id":2885,"date":"2026-03-11T08:40:11","date_gmt":"2026-03-11T08:40:11","guid":{"rendered":"https:\/\/kejuhealth.com\/?post_type=product&#038;p=2885"},"modified":"2026-03-18T07:25:23","modified_gmt":"2026-03-18T07:25:23","slug":"american-ginseng-concentrate","status":"publish","type":"product","link":"https:\/\/kejuhealth.com\/es\/product\/american-ginseng-concentrate\/","title":{"rendered":"Concentrado de ginseng americano"},"content":{"rendered":"<table style=\"border-collapse: collapse; width: 396.77pt;\" border=\"0\" width=\"529\" cellspacing=\"0\" cellpadding=\"0\">\n<tbody>\n<tr style=\"height: 77.00pt;\">\n<td class=\"et2\" style=\"height: 77.00pt; width: 396.75pt;\" colspan=\"2\" width=\"529\" height=\"102\">Concentrado de ginseng americano<\/td>\n<\/tr>\n<tr style=\"height: 47.00pt;\">\n<td class=\"et3\" style=\"height: 47.00pt;\" height=\"62\">ingredientes<\/td>\n<td class=\"et4\" style=\"width: 200.25pt;\" width=\"267\">Water, American ginseng, sodium citrate<\/td>\n<\/tr>\n<tr style=\"height: 51.00pt;\">\n<td class=\"et3\" style=\"height: 51.00pt;\" height=\"68\">presupuesto<\/td>\n<td class=\"et5\">30ml\/bottle<\/td>\n<\/tr>\n<\/tbody>\n<\/table>","protected":false},"excerpt":{"rendered":"<p>Sus funciones principales radican en ayudar a apoyar los niveles de energ\u00eda natural del cuerpo, combatir la fatiga y promover la vitalidad general. Conocido por sus propiedades adaptog\u00e9nicas, el ginseng americano ayuda al cuerpo a manejar el estr\u00e9s y apoya el sistema inmunol\u00f3gico, ayudando a mantener un estado de salud y bienestar equilibrado.<\/p>","protected":false},"featured_media":2886,"template":"","meta":[],"product_brand":[],"product_cat":[25],"product_tag":[],"class_list":{"0":"post-2885","1":"product","2":"type-product","3":"status-publish","4":"has-post-thumbnail","6":"product_cat-functional-beverage-manufacturing","8":"first","9":"instock","10":"shipping-taxable","11":"product-type-simple"},"_links":{"self":[{"href":"https:\/\/kejuhealth.com\/es\/wp-json\/wp\/v2\/product\/2885","targetHints":{"allow":["GET"]}}],"collection":[{"href":"https:\/\/kejuhealth.com\/es\/wp-json\/wp\/v2\/product"}],"about":[{"href":"https:\/\/kejuhealth.com\/es\/wp-json\/wp\/v2\/types\/product"}],"wp:featuredmedia":[{"embeddable":true,"href":"https:\/\/kejuhealth.com\/es\/wp-json\/wp\/v2\/media\/2886"}],"wp:attachment":[{"href":"https:\/\/kejuhealth.com\/es\/wp-json\/wp\/v2\/media?parent=2885"}],"wp:term":[{"taxonomy":"product_brand","embeddable":true,"href":"https:\/\/kejuhealth.com\/es\/wp-json\/wp\/v2\/product_brand?post=2885"},{"taxonomy":"product_cat","embeddable":true,"href":"https:\/\/kejuhealth.com\/es\/wp-json\/wp\/v2\/product_cat?post=2885"},{"taxonomy":"product_tag","embeddable":true,"href":"https:\/\/kejuhealth.com\/es\/wp-json\/wp\/v2\/product_tag?post=2885"}],"curies":[{"name":"wp","href":"https:\/\/api.w.org\/{rel}","templated":true}]}}