{"id":2895,"date":"2026-03-13T07:38:39","date_gmt":"2026-03-13T07:38:39","guid":{"rendered":"https:\/\/kejuhealth.com\/?post_type=product&#038;p=2895"},"modified":"2026-04-13T09:01:39","modified_gmt":"2026-04-13T09:01:39","slug":"american-ginseng-oral-liquid","status":"publish","type":"product","link":"https:\/\/kejuhealth.com\/es\/product\/american-ginseng-oral-liquid\/","title":{"rendered":"L\u00edquido oral de ginseng americano"},"content":{"rendered":"<table>\n<tbody>\n<tr>\n<td colspan=\"2\" width=\"566\">\n<p style=\"text-align: center\">L\u00edquido oral de ginseng americano<\/p>\n<\/td>\n<\/tr>\n<tr>\n<td width=\"104\">ingredientes<\/td>\n<td width=\"462\">American Ginseng, Xylitol, water<\/td>\n<\/tr>\n<tr>\n<td width=\"104\">presupuesto<\/td>\n<td width=\"462\">10ml\/bottle<\/td>\n<\/tr>\n<tr>\n<td width=\"104\">escribir a m\u00e1quina<\/td>\n<td width=\"462\">Bottle<\/td>\n<\/tr>\n<tr>\n<td width=\"104\">sazonar<\/td>\n<td width=\"462\">de otra manera que<\/td>\n<\/tr>\n<tr>\n<td width=\"104\">Gente aplicable<\/td>\n<td width=\"462\">Adulto, Hombres, Mujeres<\/td>\n<\/tr>\n<tr>\n<td width=\"104\">no apto para<\/td>\n<td width=\"462\">reci\u00e9n nacido<\/td>\n<\/tr>\n<tr>\n<td width=\"104\">vida \u00fatil<\/td>\n<td width=\"462\">24 meses<\/td>\n<\/tr>\n<tr>\n<td width=\"104\">M\u00e9todo de almacenamiento<\/td>\n<td width=\"462\">Almacenar en un lugar fresco y seco<\/td>\n<\/tr>\n<tr>\n<td width=\"104\">ra\u00edz<\/td>\n<td width=\"462\">China,Shandong<\/td>\n<\/tr>\n<tr>\n<td width=\"104\">dar un certificado<\/td>\n<td width=\"462\">HACCP ISO COA BRC FDA registration<\/td>\n<\/tr>\n<tr>\n<td width=\"104\">muestra de rid<\/td>\n<td width=\"462\">Soporta muestras de OEM\/ODM<\/td>\n<\/tr>\n<tr>\n<td width=\"104\">OEM\/ODM<\/td>\n<td width=\"462\">Logotipo personalizado<\/td>\n<\/tr>\n<tr>\n<td width=\"104\">mestiza<\/td>\n<td width=\"462\">100000PCS<\/td>\n<\/tr>\n<\/tbody>\n<\/table>\n<p>&nbsp;<\/p>","protected":false},"excerpt":{"rendered":"<p>Sus principales funciones radican en ayudar a reponer la energ\u00eda, aliviar la fatiga y mejorar la resistencia natural del cuerpo al estr\u00e9s. Como adapt\u00f3geno tradicional, el ginseng americano puede promover la salud del sistema inmunol\u00f3gico y ayudar a mantener el mejor estado del cuerpo y la mente, por lo que es una opci\u00f3n ideal en forma de l\u00edquido r\u00e1pidamente absorbible para apoyar la salud general y la vitalidad diaria.<\/p>","protected":false},"featured_media":2896,"template":"","meta":[],"product_brand":[],"product_cat":[25],"product_tag":[],"class_list":{"0":"post-2895","1":"product","2":"type-product","3":"status-publish","4":"has-post-thumbnail","6":"product_cat-functional-beverage-manufacturing","8":"first","9":"instock","10":"shipping-taxable","11":"product-type-simple"},"_links":{"self":[{"href":"https:\/\/kejuhealth.com\/es\/wp-json\/wp\/v2\/product\/2895","targetHints":{"allow":["GET"]}}],"collection":[{"href":"https:\/\/kejuhealth.com\/es\/wp-json\/wp\/v2\/product"}],"about":[{"href":"https:\/\/kejuhealth.com\/es\/wp-json\/wp\/v2\/types\/product"}],"wp:featuredmedia":[{"embeddable":true,"href":"https:\/\/kejuhealth.com\/es\/wp-json\/wp\/v2\/media\/2896"}],"wp:attachment":[{"href":"https:\/\/kejuhealth.com\/es\/wp-json\/wp\/v2\/media?parent=2895"}],"wp:term":[{"taxonomy":"product_brand","embeddable":true,"href":"https:\/\/kejuhealth.com\/es\/wp-json\/wp\/v2\/product_brand?post=2895"},{"taxonomy":"product_cat","embeddable":true,"href":"https:\/\/kejuhealth.com\/es\/wp-json\/wp\/v2\/product_cat?post=2895"},{"taxonomy":"product_tag","embeddable":true,"href":"https:\/\/kejuhealth.com\/es\/wp-json\/wp\/v2\/product_tag?post=2895"}],"curies":[{"name":"wp","href":"https:\/\/api.w.org\/{rel}","templated":true}]}}