{"id":2897,"date":"2026-03-13T07:45:18","date_gmt":"2026-03-13T07:45:18","guid":{"rendered":"https:\/\/kejuhealth.com\/?post_type=product&#038;p=2897"},"modified":"2026-04-13T09:00:09","modified_gmt":"2026-04-13T09:00:09","slug":"black-ginseng-oral-liquid","status":"publish","type":"product","link":"https:\/\/kejuhealth.com\/es\/product\/black-ginseng-oral-liquid\/","title":{"rendered":"L\u00edquido oral de ginseng negro"},"content":{"rendered":"<table>\n<tbody>\n<tr>\n<td colspan=\"2\" width=\"566\">\n<p style=\"text-align: center\">\u00a0 L\u00edquido oral de ginseng negro<\/p>\n<\/td>\n<\/tr>\n<tr>\n<td width=\"104\">ingredientes<\/td>\n<td width=\"462\">\u00a0\u00a0 Black Ginseng<\/td>\n<\/tr>\n<tr>\n<td width=\"104\">presupuesto<\/td>\n<td width=\"462\">10ml\/bottle<\/td>\n<\/tr>\n<tr>\n<td width=\"104\">escribir a m\u00e1quina<\/td>\n<td width=\"462\">Bottle<\/td>\n<\/tr>\n<tr>\n<td width=\"104\">sazonar<\/td>\n<td width=\"462\">de otra manera que<\/td>\n<\/tr>\n<tr>\n<td width=\"104\">Gente aplicable<\/td>\n<td width=\"462\">Adulto, Hombres, Mujeres<\/td>\n<\/tr>\n<tr>\n<td width=\"104\">no apto para<\/td>\n<td width=\"462\">reci\u00e9n nacido<\/td>\n<\/tr>\n<tr>\n<td width=\"104\">vida \u00fatil<\/td>\n<td width=\"462\">24 meses<\/td>\n<\/tr>\n<tr>\n<td width=\"104\">M\u00e9todo de almacenamiento<\/td>\n<td width=\"462\">Almacenar en un lugar fresco y seco<\/td>\n<\/tr>\n<tr>\n<td width=\"104\">ra\u00edz<\/td>\n<td width=\"462\">China,Shandong<\/td>\n<\/tr>\n<tr>\n<td width=\"104\">dar un certificado<\/td>\n<td width=\"462\">HACCP ISO COA BRC FDA registration<\/td>\n<\/tr>\n<tr>\n<td width=\"104\">muestra de rid<\/td>\n<td width=\"462\">Soporta muestras de OEM\/ODM<\/td>\n<\/tr>\n<tr>\n<td width=\"104\">OEM\/ODM<\/td>\n<td width=\"462\">Logotipo personalizado<\/td>\n<\/tr>\n<tr>\n<td width=\"104\">mestiza<\/td>\n<td width=\"462\">100000PCS<\/td>\n<\/tr>\n<\/tbody>\n<\/table>\n<p>&nbsp;<\/p>","protected":false},"excerpt":{"rendered":"<p>Los principales componentes de este producto son el agua y el extracto de ginseng negro, rico en ginsen\u00f3sidos raros. Sus funciones principales radican en proporcionar ginsen\u00f3sidos altamente biodisponibles que ayudan a apoyar los niveles de energ\u00eda mejorados, promover una circulaci\u00f3n saludable y proporcionar una protecci\u00f3n antioxidante superior. A trav\u00e9s de un m\u00e9todo de procesamiento especializado que aumenta el contenido de ginsenosido raro, el ginseng negro ayuda a mantener la funci\u00f3n inmunol\u00f3gica, apoya el rendimiento cognitivo y ayuda a la defensa natural del cuerpo contra el estr\u00e9s oxidativo, contribuyendo a la vitalidad general y el bienestar en una forma l\u00edquida conveniente.<\/p>","protected":false},"featured_media":2898,"template":"","meta":[],"product_brand":[],"product_cat":[25],"product_tag":[],"class_list":{"0":"post-2897","1":"product","2":"type-product","3":"status-publish","4":"has-post-thumbnail","6":"product_cat-functional-beverage-manufacturing","8":"first","9":"instock","10":"shipping-taxable","11":"product-type-simple"},"_links":{"self":[{"href":"https:\/\/kejuhealth.com\/es\/wp-json\/wp\/v2\/product\/2897","targetHints":{"allow":["GET"]}}],"collection":[{"href":"https:\/\/kejuhealth.com\/es\/wp-json\/wp\/v2\/product"}],"about":[{"href":"https:\/\/kejuhealth.com\/es\/wp-json\/wp\/v2\/types\/product"}],"wp:featuredmedia":[{"embeddable":true,"href":"https:\/\/kejuhealth.com\/es\/wp-json\/wp\/v2\/media\/2898"}],"wp:attachment":[{"href":"https:\/\/kejuhealth.com\/es\/wp-json\/wp\/v2\/media?parent=2897"}],"wp:term":[{"taxonomy":"product_brand","embeddable":true,"href":"https:\/\/kejuhealth.com\/es\/wp-json\/wp\/v2\/product_brand?post=2897"},{"taxonomy":"product_cat","embeddable":true,"href":"https:\/\/kejuhealth.com\/es\/wp-json\/wp\/v2\/product_cat?post=2897"},{"taxonomy":"product_tag","embeddable":true,"href":"https:\/\/kejuhealth.com\/es\/wp-json\/wp\/v2\/product_tag?post=2897"}],"curies":[{"name":"wp","href":"https:\/\/api.w.org\/{rel}","templated":true}]}}