{"id":2907,"date":"2026-03-17T06:26:41","date_gmt":"2026-03-17T06:26:41","guid":{"rendered":"https:\/\/kejuhealth.com\/?post_type=product&#038;p=2907"},"modified":"2026-04-10T07:58:59","modified_gmt":"2026-04-10T07:58:59","slug":"turmeric-hepatic-peptide-with-kudzu-root-and-hovenia-drink","status":"publish","type":"product","link":"https:\/\/kejuhealth.com\/es\/product\/turmeric-hepatic-peptide-with-kudzu-root-and-hovenia-drink\/","title":{"rendered":"P\u00e9ptido hep\u00e1tico de c\u00farcuma con ra\u00edz de kudzu y bebida de Hovenia"},"content":{"rendered":"<table>\n<tbody>\n<tr>\n<td colspan=\"2\" width=\"566\">\n<p style=\"text-align: center\">P\u00e9ptido hep\u00e1tico de c\u00farcuma con ra\u00edz de kudzu y bebida de Hovenia<\/p>\n<\/td>\n<\/tr>\n<tr>\n<td width=\"104\">ingredientes<\/td>\n<td width=\"462\">\n<p style=\"text-align: center\">\u00a0Water, Kudzu Root Powder, Turmeric Powder, Liver Peptide Powder, Hovenia Seed Powder, Artichoke Powder, Carrot Freeze-dried Powder, Yeast Extract (containing Glutathione), Chlorella Powder, Xylitol, and Potassium Sorbate<\/p>\n<\/td>\n<\/tr>\n<tr>\n<td width=\"104\">presupuesto<\/td>\n<td width=\"462\">50ml\/bottle<\/td>\n<\/tr>\n<tr>\n<td width=\"104\">escribir a m\u00e1quina<\/td>\n<td width=\"462\">Bottle<\/td>\n<\/tr>\n<tr>\n<td width=\"104\">sazonar<\/td>\n<td width=\"462\">de otra manera que<\/td>\n<\/tr>\n<tr>\n<td width=\"104\">Gente aplicable<\/td>\n<td width=\"462\">Adulto, Hombres, Mujeres<\/td>\n<\/tr>\n<tr>\n<td width=\"104\">no apto para<\/td>\n<td width=\"462\">reci\u00e9n nacido<\/td>\n<\/tr>\n<tr>\n<td width=\"104\">vida \u00fatil<\/td>\n<td width=\"462\">24 meses<\/td>\n<\/tr>\n<tr>\n<td width=\"104\">M\u00e9todo de almacenamiento<\/td>\n<td width=\"462\">Almacenar en un lugar fresco y seco<\/td>\n<\/tr>\n<tr>\n<td width=\"104\">ra\u00edz<\/td>\n<td width=\"462\">China,Shandong<\/td>\n<\/tr>\n<tr>\n<td width=\"104\">dar un certificado<\/td>\n<td width=\"462\">HACCP ISO COA BRC FDA registration<\/td>\n<\/tr>\n<tr>\n<td width=\"104\">muestra de rid<\/td>\n<td width=\"462\">Soporta muestras de OEM\/ODM<\/td>\n<\/tr>\n<tr>\n<td width=\"104\">OEM\/ODM<\/td>\n<td width=\"462\">Logotipo personalizado<\/td>\n<\/tr>\n<tr>\n<td width=\"104\">mestiza<\/td>\n<td width=\"462\">100000PCS<\/td>\n<\/tr>\n<\/tbody>\n<\/table>\n<p>&nbsp;<\/p>","protected":false},"excerpt":{"rendered":"<p>The Turmeric Hepatic Peptide with Kudzu Root and Hovenia Drink primarily functions to provide comprehensive support for the liver through the synergistic effect of traditional herbal extracts and bioactive peptides. This formula helps promote liver health, supports detoxification processes, protects liver cells from oxidative stress, and enhances the body&#8217;s natural ability to recover from fatigue or alcohol-induced stress. The combination of turmeric and artichoke aids in bile production and digestion, while kudzu root and raisin tree fruit have traditional uses in supporting liver function and mitigating the effects of alcohol. Glutathione and chlorella provide powerful antioxidant and cleansing support, helping to maintain overall liver vitality and metabolic balance.<\/p>","protected":false},"featured_media":2908,"template":"","meta":[],"product_brand":[],"product_cat":[25],"product_tag":[],"class_list":{"0":"post-2907","1":"product","2":"type-product","3":"status-publish","4":"has-post-thumbnail","6":"product_cat-functional-beverage-manufacturing","8":"first","9":"instock","10":"shipping-taxable","11":"product-type-simple"},"_links":{"self":[{"href":"https:\/\/kejuhealth.com\/es\/wp-json\/wp\/v2\/product\/2907","targetHints":{"allow":["GET"]}}],"collection":[{"href":"https:\/\/kejuhealth.com\/es\/wp-json\/wp\/v2\/product"}],"about":[{"href":"https:\/\/kejuhealth.com\/es\/wp-json\/wp\/v2\/types\/product"}],"wp:featuredmedia":[{"embeddable":true,"href":"https:\/\/kejuhealth.com\/es\/wp-json\/wp\/v2\/media\/2908"}],"wp:attachment":[{"href":"https:\/\/kejuhealth.com\/es\/wp-json\/wp\/v2\/media?parent=2907"}],"wp:term":[{"taxonomy":"product_brand","embeddable":true,"href":"https:\/\/kejuhealth.com\/es\/wp-json\/wp\/v2\/product_brand?post=2907"},{"taxonomy":"product_cat","embeddable":true,"href":"https:\/\/kejuhealth.com\/es\/wp-json\/wp\/v2\/product_cat?post=2907"},{"taxonomy":"product_tag","embeddable":true,"href":"https:\/\/kejuhealth.com\/es\/wp-json\/wp\/v2\/product_tag?post=2907"}],"curies":[{"name":"wp","href":"https:\/\/api.w.org\/{rel}","templated":true}]}}