{"id":2911,"date":"2026-03-17T06:34:00","date_gmt":"2026-03-17T06:34:00","guid":{"rendered":"https:\/\/kejuhealth.com\/?post_type=product&#038;p=2911"},"modified":"2026-04-08T07:49:08","modified_gmt":"2026-04-08T07:49:08","slug":"soy-isolate-whey-protein-powder","status":"publish","type":"product","link":"https:\/\/kejuhealth.com\/es\/product\/soy-isolate-whey-protein-powder\/","title":{"rendered":"Polvo de prote\u00edna de suero y aislado de soja"},"content":{"rendered":"<table class=\"aligncenter\" style=\"border-collapse: collapse;width: 396.77pt\" border=\"0\" width=\"529\" cellspacing=\"0\" cellpadding=\"0\">\n<tbody>\n<tr style=\"height: 77.00pt\">\n<td class=\"et2\" style=\"height: 77pt;width: 396.75pt;text-align: center\" colspan=\"2\" width=\"529\" height=\"102\">\n<table>\n<tbody>\n<tr>\n<td colspan=\"2\" width=\"566\">Polvo de prote\u00edna de suero y aislado de soja<\/td>\n<\/tr>\n<tr>\n<td width=\"104\">ingredientes<\/td>\n<td width=\"462\">Soy protein isolate\uff06whey protein<br \/>\nContains 85.2 grams of protein per 100 grams.<\/td>\n<\/tr>\n<tr>\n<td width=\"104\">presupuesto<\/td>\n<td width=\"462\">10g\/Bag<\/td>\n<\/tr>\n<tr>\n<td width=\"104\">escribir a m\u00e1quina<\/td>\n<td width=\"462\">Bag<\/td>\n<\/tr>\n<tr>\n<td width=\"104\">sazonar<\/td>\n<td width=\"462\">de otra manera que<\/td>\n<\/tr>\n<tr>\n<td width=\"104\">Gente aplicable<\/td>\n<td width=\"462\">Adult, men, women,the elderly<\/td>\n<\/tr>\n<tr>\n<td width=\"104\">no apto para<\/td>\n<td width=\"462\">reci\u00e9n nacido<\/td>\n<\/tr>\n<tr>\n<td width=\"104\">vida \u00fatil<\/td>\n<td width=\"462\">24 meses<\/td>\n<\/tr>\n<tr>\n<td width=\"104\">M\u00e9todo de almacenamiento<\/td>\n<td width=\"462\">Almacenar en un lugar fresco y seco<\/td>\n<\/tr>\n<tr>\n<td width=\"104\">ra\u00edz<\/td>\n<td width=\"462\">China,Shandong<\/td>\n<\/tr>\n<tr>\n<td width=\"104\">dar un certificado<\/td>\n<td width=\"462\">HACCP ISO COA BRC FDA registration<\/td>\n<\/tr>\n<tr>\n<td width=\"104\">muestra de rid<\/td>\n<td width=\"462\">Soporta muestras de OEM\/ODM<\/td>\n<\/tr>\n<tr>\n<td width=\"104\">OEM\/ODM<\/td>\n<td width=\"462\">Logotipo personalizado<\/td>\n<\/tr>\n<tr>\n<td width=\"104\">mestiza<\/td>\n<td width=\"462\">100000PCS<\/td>\n<\/tr>\n<\/tbody>\n<\/table>\n<\/td>\n<\/tr>\n<\/tbody>\n<\/table>","protected":false},"excerpt":{"rendered":"<p>Sus funciones principales radican en proporcionar un perfil de amino\u00e1cidos completo para alimentar la s\u00edntesis de prote\u00ednas musculares, acelerar la recuperaci\u00f3n posterior al entrenamiento y ayudar a preservar la masa muscular magra. Ideal para atletas y entusiastas del fitness, admite ganancias de fuerza, rendimiento de ejercicio y bienestar f\u00edsico general.<\/p>","protected":false},"featured_media":2912,"template":"","meta":[],"product_brand":[],"product_cat":[26],"product_tag":[],"class_list":{"0":"post-2911","1":"product","2":"type-product","3":"status-publish","4":"has-post-thumbnail","6":"product_cat-powder-manufacturing","8":"first","9":"instock","10":"shipping-taxable","11":"product-type-simple"},"_links":{"self":[{"href":"https:\/\/kejuhealth.com\/es\/wp-json\/wp\/v2\/product\/2911","targetHints":{"allow":["GET"]}}],"collection":[{"href":"https:\/\/kejuhealth.com\/es\/wp-json\/wp\/v2\/product"}],"about":[{"href":"https:\/\/kejuhealth.com\/es\/wp-json\/wp\/v2\/types\/product"}],"wp:featuredmedia":[{"embeddable":true,"href":"https:\/\/kejuhealth.com\/es\/wp-json\/wp\/v2\/media\/2912"}],"wp:attachment":[{"href":"https:\/\/kejuhealth.com\/es\/wp-json\/wp\/v2\/media?parent=2911"}],"wp:term":[{"taxonomy":"product_brand","embeddable":true,"href":"https:\/\/kejuhealth.com\/es\/wp-json\/wp\/v2\/product_brand?post=2911"},{"taxonomy":"product_cat","embeddable":true,"href":"https:\/\/kejuhealth.com\/es\/wp-json\/wp\/v2\/product_cat?post=2911"},{"taxonomy":"product_tag","embeddable":true,"href":"https:\/\/kejuhealth.com\/es\/wp-json\/wp\/v2\/product_tag?post=2911"}],"curies":[{"name":"wp","href":"https:\/\/api.w.org\/{rel}","templated":true}]}}