{"id":2967,"date":"2026-03-18T08:15:59","date_gmt":"2026-03-18T08:15:59","guid":{"rendered":"https:\/\/kejuhealth.com\/?post_type=product&#038;p=2967"},"modified":"2026-03-27T06:23:13","modified_gmt":"2026-03-27T06:23:13","slug":"black-chokeberry-aronia-melanocarpa-drink","status":"publish","type":"product","link":"https:\/\/kejuhealth.com\/es\/product\/black-chokeberry-aronia-melanocarpa-drink\/","title":{"rendered":"chokeberry negro (Aronia melanocarpa) bebida"},"content":{"rendered":"<table style=\"height: 749px;\" width=\"1125\">\n<tbody>\n<tr>\n<td colspan=\"2\" width=\"566\">\n<p style=\"text-align: center;\"><strong>Black Chokeberry (Aronia melanocarpa) Drink<\/strong><\/p>\n<\/td>\n<\/tr>\n<tr>\n<td width=\"104\">ingredientes<\/td>\n<td width=\"462\">\u00a0Aronia Melanocarpa\u00a0extract<\/td>\n<\/tr>\n<tr>\n<td width=\"104\">presupuesto<\/td>\n<td width=\"462\">30ml\/bag<\/td>\n<\/tr>\n<tr>\n<td width=\"104\">escribir a m\u00e1quina<\/td>\n<td width=\"462\">Bag<\/td>\n<\/tr>\n<tr>\n<td width=\"104\">sazonar<\/td>\n<td width=\"462\">de otra manera que<\/td>\n<\/tr>\n<tr>\n<td width=\"104\">Gente aplicable<\/td>\n<td width=\"462\">Adulto, Hombres, Mujeres<\/td>\n<\/tr>\n<tr>\n<td width=\"104\">no apto para<\/td>\n<td width=\"462\">reci\u00e9n nacido<\/td>\n<\/tr>\n<tr>\n<td width=\"104\">vida \u00fatil<\/td>\n<td width=\"462\">24 meses<\/td>\n<\/tr>\n<tr>\n<td width=\"104\">M\u00e9todo de almacenamiento<\/td>\n<td width=\"462\">Almacenar en un lugar fresco y seco<\/td>\n<\/tr>\n<tr>\n<td width=\"104\">ra\u00edz<\/td>\n<td width=\"462\">China, Shandong<\/td>\n<\/tr>\n<tr>\n<td width=\"104\">dar un certificado<\/td>\n<td width=\"462\">Registro de HACCP, ISO, COA, BRC, FDA<\/td>\n<\/tr>\n<tr>\n<td width=\"104\">muestra de rid<\/td>\n<td width=\"462\">Soporta muestras de OEM\/ODM<\/td>\n<\/tr>\n<tr>\n<td width=\"104\">OEM\/ODM<\/td>\n<td width=\"462\">Logotipo personalizado<\/td>\n<\/tr>\n<tr>\n<td width=\"104\">mestiza<\/td>\n<td width=\"462\">100.000 piezas<\/td>\n<\/tr>\n<\/tbody>\n<\/table>","protected":false},"excerpt":{"rendered":"<p>Las funciones principales de su bebida de chokeberry negro radican en proporcionar un potente apoyo antioxidante a trav\u00e9s de altos niveles de antocianinas y polifenoles, ayudando a combatir el estr\u00e9s oxidativo, respaldar la salud cardiovascular y fortalecer el sistema inmunol\u00f3gico. Esta baya rica en nutrientes tambi\u00e9n promueve una respuesta inflamatoria saludable y contribuye a la vitalidad y el bienestar general.<\/p>","protected":false},"featured_media":2968,"template":"","meta":[],"product_brand":[],"product_cat":[25],"product_tag":[],"class_list":{"0":"post-2967","1":"product","2":"type-product","3":"status-publish","4":"has-post-thumbnail","6":"product_cat-functional-beverage-manufacturing","8":"first","9":"instock","10":"shipping-taxable","11":"product-type-simple"},"_links":{"self":[{"href":"https:\/\/kejuhealth.com\/es\/wp-json\/wp\/v2\/product\/2967","targetHints":{"allow":["GET"]}}],"collection":[{"href":"https:\/\/kejuhealth.com\/es\/wp-json\/wp\/v2\/product"}],"about":[{"href":"https:\/\/kejuhealth.com\/es\/wp-json\/wp\/v2\/types\/product"}],"wp:featuredmedia":[{"embeddable":true,"href":"https:\/\/kejuhealth.com\/es\/wp-json\/wp\/v2\/media\/2968"}],"wp:attachment":[{"href":"https:\/\/kejuhealth.com\/es\/wp-json\/wp\/v2\/media?parent=2967"}],"wp:term":[{"taxonomy":"product_brand","embeddable":true,"href":"https:\/\/kejuhealth.com\/es\/wp-json\/wp\/v2\/product_brand?post=2967"},{"taxonomy":"product_cat","embeddable":true,"href":"https:\/\/kejuhealth.com\/es\/wp-json\/wp\/v2\/product_cat?post=2967"},{"taxonomy":"product_tag","embeddable":true,"href":"https:\/\/kejuhealth.com\/es\/wp-json\/wp\/v2\/product_tag?post=2967"}],"curies":[{"name":"wp","href":"https:\/\/api.w.org\/{rel}","templated":true}]}}