{"id":2969,"date":"2026-03-18T08:18:24","date_gmt":"2026-03-18T08:18:24","guid":{"rendered":"https:\/\/kejuhealth.com\/?post_type=product&#038;p=2969"},"modified":"2026-03-27T06:05:17","modified_gmt":"2026-03-27T06:05:17","slug":"collagen-pqq-powder-drink","status":"publish","type":"product","link":"https:\/\/kejuhealth.com\/es\/product\/collagen-pqq-powder-drink\/","title":{"rendered":"Bebida en polvo de col\u00e1geno PQQ"},"content":{"rendered":"<table style=\"height: 780px;\" width=\"1027\">\n<tbody>\n<tr>\n<td colspan=\"2\" width=\"566\">\n<p style=\"text-align: center;\"><strong>Bebida en polvo de col\u00e1geno PQQ<\/strong><\/p>\n<\/td>\n<\/tr>\n<tr>\n<td width=\"104\">ingredientes<\/td>\n<td width=\"462\">P\u00e9ptidos de col\u00e1geno, pirroloquinolina quinona (PQQ).<\/td>\n<\/tr>\n<tr>\n<td width=\"104\">presupuesto<\/td>\n<td width=\"462\">5 g\/bolsa<\/td>\n<\/tr>\n<tr>\n<td width=\"104\">escribir a m\u00e1quina<\/td>\n<td width=\"462\">Bolsa\/bolsa de palo<\/td>\n<\/tr>\n<tr>\n<td width=\"104\">sazonar<\/td>\n<td width=\"462\">de otra manera que<\/td>\n<\/tr>\n<tr>\n<td width=\"104\">Gente aplicable<\/td>\n<td width=\"462\">Adulto, Hombres, Mujeres<\/td>\n<\/tr>\n<tr>\n<td width=\"104\">no apto para<\/td>\n<td width=\"462\">reci\u00e9n nacido<\/td>\n<\/tr>\n<tr>\n<td width=\"104\">vida \u00fatil<\/td>\n<td width=\"462\">24 meses<\/td>\n<\/tr>\n<tr>\n<td width=\"104\">M\u00e9todo de almacenamiento<\/td>\n<td width=\"462\">Almacenar en un lugar fresco y seco<\/td>\n<\/tr>\n<tr>\n<td width=\"104\">ra\u00edz<\/td>\n<td width=\"462\">China, Shandong<\/td>\n<\/tr>\n<tr>\n<td width=\"104\">dosis<\/td>\n<td width=\"462\">2 bolsas por d\u00eda<\/td>\n<\/tr>\n<tr>\n<td width=\"104\">dar un certificado<\/td>\n<td width=\"462\">Registro de HACCP, ISO, COA, BRC, FDA<\/td>\n<\/tr>\n<tr>\n<td width=\"104\">muestra de rid<\/td>\n<td width=\"462\">Soporta muestras de OEM\/ODM<\/td>\n<\/tr>\n<tr>\n<td width=\"104\">OEM\/ODM<\/td>\n<td width=\"462\">Logotipo personalizado<\/td>\n<\/tr>\n<tr>\n<td style=\"text-align: center;\" width=\"104\">\n<p style=\"text-align: left;\">mestiza<\/p>\n<\/td>\n<td width=\"462\">\n<p style=\"text-align: left;\">100.000 piezas<\/p>\n<\/td>\n<\/tr>\n<\/tbody>\n<\/table>","protected":false},"excerpt":{"rendered":"<p>Las funciones principales de su bebida en polvo de col\u00e1geno PQQ radican en apoyar la salud y la elasticidad de la piel al tiempo que promueven la producci\u00f3n de energ\u00eda celular y la salud mitocondrial. PQQ ayuda a estimular el crecimiento de nuevas mitocondrias, mejorando el rejuvenecimiento celular y el metabolismo energ\u00e9tico, mientras que el col\u00e1geno mantiene la hidrataci\u00f3n de la piel y la salud de las articulaciones. Esta combinaci\u00f3n ayuda a mantener la vitalidad juvenil, la energ\u00eda celular y el bienestar general desde el interior.<\/p>","protected":false},"featured_media":2970,"template":"","meta":[],"product_brand":[],"product_cat":[26],"product_tag":[],"class_list":{"0":"post-2969","1":"product","2":"type-product","3":"status-publish","4":"has-post-thumbnail","6":"product_cat-powder-manufacturing","8":"first","9":"instock","10":"shipping-taxable","11":"product-type-simple"},"_links":{"self":[{"href":"https:\/\/kejuhealth.com\/es\/wp-json\/wp\/v2\/product\/2969","targetHints":{"allow":["GET"]}}],"collection":[{"href":"https:\/\/kejuhealth.com\/es\/wp-json\/wp\/v2\/product"}],"about":[{"href":"https:\/\/kejuhealth.com\/es\/wp-json\/wp\/v2\/types\/product"}],"wp:featuredmedia":[{"embeddable":true,"href":"https:\/\/kejuhealth.com\/es\/wp-json\/wp\/v2\/media\/2970"}],"wp:attachment":[{"href":"https:\/\/kejuhealth.com\/es\/wp-json\/wp\/v2\/media?parent=2969"}],"wp:term":[{"taxonomy":"product_brand","embeddable":true,"href":"https:\/\/kejuhealth.com\/es\/wp-json\/wp\/v2\/product_brand?post=2969"},{"taxonomy":"product_cat","embeddable":true,"href":"https:\/\/kejuhealth.com\/es\/wp-json\/wp\/v2\/product_cat?post=2969"},{"taxonomy":"product_tag","embeddable":true,"href":"https:\/\/kejuhealth.com\/es\/wp-json\/wp\/v2\/product_tag?post=2969"}],"curies":[{"name":"wp","href":"https:\/\/api.w.org\/{rel}","templated":true}]}}