{"id":3260,"date":"2026-03-27T08:34:08","date_gmt":"2026-03-27T08:34:08","guid":{"rendered":"https:\/\/kejuhealth.com\/?post_type=product&#038;p=3260"},"modified":"2026-03-28T02:03:21","modified_gmt":"2026-03-28T02:03:21","slug":"brain-peptide-tablets","status":"publish","type":"product","link":"https:\/\/kejuhealth.com\/es\/product\/brain-peptide-tablets\/","title":{"rendered":"Tabletas de p\u00e9ptidos cerebrales"},"content":{"rendered":"<table style=\"border-collapse: collapse; width: 424.52pt;\" border=\"0\" width=\"566\" cellspacing=\"0\" cellpadding=\"0\">\n<tbody>\n<tr style=\"height: 32.00pt;\">\n<td class=\"et2\" style=\"height: 32pt; width: 424.5pt; text-align: center;\" colspan=\"2\" width=\"566\" height=\"42\"><strong>Tabletas de p\u00e9ptidos cerebrales<\/strong><\/td>\n<\/tr>\n<tr style=\"height: 30.00pt;\">\n<td class=\"et3\" style=\"height: 30.00pt;\" height=\"40\">ingredientes<\/td>\n<td class=\"et4\" style=\"width: 241.50pt;\" width=\"322\">Brain protein peptide, collagen peptides<\/td>\n<\/tr>\n<tr style=\"height: 31.00pt;\">\n<td class=\"et3\" style=\"height: 31.00pt;\" height=\"41\">presupuesto<\/td>\n<td class=\"et5\">0.6 g\/tablet<\/td>\n<\/tr>\n<tr style=\"height: 15.00pt;\">\n<td class=\"et3\" style=\"height: 15.00pt;\" height=\"20\">escribir a m\u00e1quina<\/td>\n<td class=\"et4\" style=\"width: 241.50pt;\" width=\"322\">tabletas<\/td>\n<\/tr>\n<tr style=\"height: 15.00pt;\">\n<td class=\"et3\" style=\"height: 15.00pt;\" height=\"20\">sazonar<\/td>\n<td class=\"et4\" style=\"width: 241.50pt;\" width=\"322\">de otra manera que<\/td>\n<\/tr>\n<tr style=\"height: 15.00pt;\">\n<td class=\"et3\" style=\"height: 15.00pt;\" height=\"20\">Gente aplicable<\/td>\n<td class=\"et4\" style=\"width: 241.50pt;\" width=\"322\">Adulto, Hombres, Mujeres<\/td>\n<\/tr>\n<tr style=\"height: 18.00pt;\">\n<td class=\"et3\" style=\"height: 18.00pt;\" height=\"24\">no apto para<\/td>\n<td class=\"et4\" style=\"width: 241.50pt;\" width=\"322\">reci\u00e9n nacido<\/td>\n<\/tr>\n<tr style=\"height: 23.00pt;\">\n<td class=\"et3\" style=\"height: 23.00pt;\" height=\"30\">vida \u00fatil<\/td>\n<td class=\"et4\" style=\"width: 241.50pt;\" width=\"322\">24 meses<\/td>\n<\/tr>\n<tr style=\"height: 13.50pt;\">\n<td class=\"et3\" style=\"height: 13.50pt;\" height=\"18\">M\u00e9todo de almacenamiento<\/td>\n<td class=\"et4\" style=\"width: 241.50pt;\" width=\"322\">Lugar fresco y seco<\/td>\n<\/tr>\n<tr style=\"height: 13.50pt;\">\n<td class=\"et3\" style=\"height: 13.50pt;\" height=\"18\">ra\u00edz<\/td>\n<td class=\"et4\" style=\"width: 241.50pt;\" width=\"322\">China, Shandong<\/td>\n<\/tr>\n<tr style=\"height: 13.50pt;\">\n<td class=\"et3\" style=\"height: 13.50pt;\" height=\"18\">dosis<\/td>\n<td class=\"et4\" style=\"width: 241.50pt;\" width=\"322\">1-2 tabletas al d\u00eda<\/td>\n<\/tr>\n<tr style=\"height: 13.50pt;\">\n<td class=\"et3\" style=\"height: 13.50pt;\" height=\"18\">dar un certificado<\/td>\n<td class=\"et4\" style=\"width: 241.50pt;\" width=\"322\">Registro de HACCP, ISO, COA, BRC, FDA<\/td>\n<\/tr>\n<tr style=\"height: 13.50pt;\">\n<td class=\"et3\" style=\"height: 13.50pt;\" height=\"18\">muestra de rid<\/td>\n<td class=\"et4\" style=\"width: 241.50pt;\" width=\"322\">Soporta muestras de OEM\/ODM<\/td>\n<\/tr>\n<tr style=\"height: 13.50pt;\">\n<td class=\"et3\" style=\"height: 13.50pt;\" height=\"18\">OEM\/ODM<\/td>\n<td class=\"et4\" style=\"width: 241.50pt;\" width=\"322\">Logotipo personalizado<\/td>\n<\/tr>\n<tr style=\"height: 13.50pt;\">\n<td class=\"et3\" style=\"height: 13.50pt;\" height=\"18\">mestiza<\/td>\n<td class=\"et4\" style=\"width: 241.50pt;\" width=\"322\">180000 piezas<\/td>\n<\/tr>\n<\/tbody>\n<\/table>","protected":false},"excerpt":{"rendered":"<p>Sus funciones primarias de p\u00e9ptidos cerebrales radican en apoyar la funci\u00f3n cognitiva al promover la reparaci\u00f3n y regeneraci\u00f3n de las c\u00e9lulas nerviosas. Esta f\u00f3rmula ayuda a mejorar la memoria, la claridad mental y el enfoque, al mismo tiempo que apoya la salud neurol\u00f3gica general, lo que la hace ideal para las personas que buscan mantener el rendimiento del cerebro y la resiliencia cognitiva.<\/p>","protected":false},"featured_media":3261,"template":"","meta":[],"product_brand":[],"product_cat":[24],"product_tag":[],"class_list":{"0":"post-3260","1":"product","2":"type-product","3":"status-publish","4":"has-post-thumbnail","6":"product_cat-tablet-manufacturing","8":"first","9":"instock","10":"shipping-taxable","11":"product-type-simple"},"_links":{"self":[{"href":"https:\/\/kejuhealth.com\/es\/wp-json\/wp\/v2\/product\/3260","targetHints":{"allow":["GET"]}}],"collection":[{"href":"https:\/\/kejuhealth.com\/es\/wp-json\/wp\/v2\/product"}],"about":[{"href":"https:\/\/kejuhealth.com\/es\/wp-json\/wp\/v2\/types\/product"}],"wp:featuredmedia":[{"embeddable":true,"href":"https:\/\/kejuhealth.com\/es\/wp-json\/wp\/v2\/media\/3261"}],"wp:attachment":[{"href":"https:\/\/kejuhealth.com\/es\/wp-json\/wp\/v2\/media?parent=3260"}],"wp:term":[{"taxonomy":"product_brand","embeddable":true,"href":"https:\/\/kejuhealth.com\/es\/wp-json\/wp\/v2\/product_brand?post=3260"},{"taxonomy":"product_cat","embeddable":true,"href":"https:\/\/kejuhealth.com\/es\/wp-json\/wp\/v2\/product_cat?post=3260"},{"taxonomy":"product_tag","embeddable":true,"href":"https:\/\/kejuhealth.com\/es\/wp-json\/wp\/v2\/product_tag?post=3260"}],"curies":[{"name":"wp","href":"https:\/\/api.w.org\/{rel}","templated":true}]}}