{"id":758,"date":"2026-01-27T00:56:58","date_gmt":"2026-01-27T00:56:58","guid":{"rendered":"https:\/\/kejuhealth.com\/?post_type=product&#038;p=758"},"modified":"2026-03-28T01:17:12","modified_gmt":"2026-03-28T01:17:12","slug":"coq10-softgels","status":"publish","type":"product","link":"https:\/\/kejuhealth.com\/es\/product\/coq10-softgels\/","title":{"rendered":"C\u00e1psulas blandas CoQ10"},"content":{"rendered":"<table width=\"566\">\n<tbody>\n<tr>\n<td style=\"text-align: center;\" colspan=\"2\" width=\"566\"><strong>C\u00e1psulas blandas CoQ10<\/strong><\/td>\n<\/tr>\n<tr>\n<td>ingredientes<\/td>\n<td width=\"322\">Cada 100 gramos contiene 15 gramos de coenzima Q10. Aceite de oliva importado de Espa\u00f1a.<\/td>\n<\/tr>\n<tr>\n<td>presupuesto<\/td>\n<td>0,27 g\/c\u00e1psula<\/td>\n<\/tr>\n<tr>\n<td>escribir a m\u00e1quina<\/td>\n<td width=\"322\">c\u00e1psulas blandas<\/td>\n<\/tr>\n<tr>\n<td>sazonar<\/td>\n<td width=\"322\">de otra manera que<\/td>\n<\/tr>\n<tr>\n<td>Gente aplicable<\/td>\n<td width=\"322\">Adulto, Hombres, Mujeres<\/td>\n<\/tr>\n<tr>\n<td>no apto para<\/td>\n<td width=\"322\">reci\u00e9n nacido<\/td>\n<\/tr>\n<tr>\n<td>vida \u00fatil<\/td>\n<td width=\"322\">24 meses<\/td>\n<\/tr>\n<tr>\n<td>M\u00e9todo de almacenamiento<\/td>\n<td width=\"322\">Lugar fresco y seco<\/td>\n<\/tr>\n<tr>\n<td>ra\u00edz<\/td>\n<td width=\"322\">China, Shandong<\/td>\n<\/tr>\n<tr>\n<td>dosis<\/td>\n<td width=\"322\">1-2 c\u00e1psulas al d\u00eda<\/td>\n<\/tr>\n<tr>\n<td>dar un certificado<\/td>\n<td width=\"322\">Registro de HACCP, ISO, COA, BRC, FDA<\/td>\n<\/tr>\n<tr>\n<td>muestra de rid<\/td>\n<td width=\"322\">Soporta muestras de OEM\/ODM<\/td>\n<\/tr>\n<tr>\n<td>OEM\/ODM<\/td>\n<td width=\"322\">Logotipo personalizado<\/td>\n<\/tr>\n<tr>\n<td>mestiza<\/td>\n<td width=\"322\">180000 piezas<\/td>\n<\/tr>\n<\/tbody>\n<\/table>","protected":false},"excerpt":{"rendered":"<p>La composici\u00f3n de estas cageles blandos CoQ10 es coenzima Q10. La funci\u00f3n principal de este producto radica en ayudar a apoyar el metabolismo energ\u00e9tico de las c\u00e9lulas musculares card\u00edacas, manteniendo la funci\u00f3n saludable del sistema cardiovascular y brindando apoyo antioxidante al cuerpo, lo que ayuda a mantener la vitalidad general y el estado de salud.<\/p>","protected":false},"featured_media":759,"template":"","meta":[],"product_brand":[],"product_cat":[23],"product_tag":[],"class_list":{"0":"post-758","1":"product","2":"type-product","3":"status-publish","4":"has-post-thumbnail","6":"product_cat-softgel-manufacturing","8":"first","9":"instock","10":"shipping-taxable","11":"product-type-simple"},"_links":{"self":[{"href":"https:\/\/kejuhealth.com\/es\/wp-json\/wp\/v2\/product\/758","targetHints":{"allow":["GET"]}}],"collection":[{"href":"https:\/\/kejuhealth.com\/es\/wp-json\/wp\/v2\/product"}],"about":[{"href":"https:\/\/kejuhealth.com\/es\/wp-json\/wp\/v2\/types\/product"}],"wp:featuredmedia":[{"embeddable":true,"href":"https:\/\/kejuhealth.com\/es\/wp-json\/wp\/v2\/media\/759"}],"wp:attachment":[{"href":"https:\/\/kejuhealth.com\/es\/wp-json\/wp\/v2\/media?parent=758"}],"wp:term":[{"taxonomy":"product_brand","embeddable":true,"href":"https:\/\/kejuhealth.com\/es\/wp-json\/wp\/v2\/product_brand?post=758"},{"taxonomy":"product_cat","embeddable":true,"href":"https:\/\/kejuhealth.com\/es\/wp-json\/wp\/v2\/product_cat?post=758"},{"taxonomy":"product_tag","embeddable":true,"href":"https:\/\/kejuhealth.com\/es\/wp-json\/wp\/v2\/product_tag?post=758"}],"curies":[{"name":"wp","href":"https:\/\/api.w.org\/{rel}","templated":true}]}}