{"id":764,"date":"2026-01-27T01:00:41","date_gmt":"2026-01-27T01:00:41","guid":{"rendered":"https:\/\/kejuhealth.com\/?post_type=product&#038;p=764"},"modified":"2026-03-27T08:22:06","modified_gmt":"2026-03-27T08:22:06","slug":"reishi-spore-powder-softgels","status":"publish","type":"product","link":"https:\/\/kejuhealth.com\/es\/product\/reishi-spore-powder-softgels\/","title":{"rendered":"C\u00e1psulas blandas en polvo de esporas Reishi"},"content":{"rendered":"<table style=\"border-collapse: collapse; width: 424.52pt;\" border=\"0\" width=\"566\" cellspacing=\"0\" cellpadding=\"0\">\n<tbody>\n<tr style=\"height: 32.00pt;\">\n<td class=\"et2\" style=\"height: 32pt; width: 424.5pt; text-align: center;\" colspan=\"2\" width=\"566\" height=\"42\"><strong>C\u00e1psulas blandas en polvo de esporas Reishi<\/strong><\/td>\n<\/tr>\n<tr style=\"height: 30.00pt;\">\n<td class=\"et3\" style=\"height: 30.00pt;\" height=\"40\">ingredientes<\/td>\n<td class=\"et4\" style=\"width: 241.50pt;\" width=\"322\">Polvo de esporas de Reishi<\/td>\n<\/tr>\n<tr style=\"height: 31.00pt;\">\n<td class=\"et3\" style=\"height: 31.00pt;\" height=\"41\">presupuesto<\/td>\n<td class=\"et5\">0,3 g\/c\u00e1psula<\/td>\n<\/tr>\n<tr style=\"height: 15.00pt;\">\n<td class=\"et3\" style=\"height: 15.00pt;\" height=\"20\">escribir a m\u00e1quina<\/td>\n<td class=\"et4\" style=\"width: 241.50pt;\" width=\"322\">c\u00e1psulas blandas<\/td>\n<\/tr>\n<tr style=\"height: 15.00pt;\">\n<td class=\"et3\" style=\"height: 15.00pt;\" height=\"20\">sazonar<\/td>\n<td class=\"et4\" style=\"width: 241.50pt;\" width=\"322\">de otra manera que<\/td>\n<\/tr>\n<tr style=\"height: 15.00pt;\">\n<td class=\"et3\" style=\"height: 15.00pt;\" height=\"20\">Gente aplicable<\/td>\n<td class=\"et4\" style=\"width: 241.50pt;\" width=\"322\">Adulto, Hombres, Mujeres<\/td>\n<\/tr>\n<tr style=\"height: 18.00pt;\">\n<td class=\"et3\" style=\"height: 18.00pt;\" height=\"24\">no apto para<\/td>\n<td class=\"et4\" style=\"width: 241.50pt;\" width=\"322\">reci\u00e9n nacido<\/td>\n<\/tr>\n<tr style=\"height: 23.00pt;\">\n<td class=\"et3\" style=\"height: 23.00pt;\" height=\"30\">vida \u00fatil<\/td>\n<td class=\"et4\" style=\"width: 241.50pt;\" width=\"322\">24 meses<\/td>\n<\/tr>\n<tr style=\"height: 13.50pt;\">\n<td class=\"et3\" style=\"height: 13.50pt;\" height=\"18\">M\u00e9todo de almacenamiento<\/td>\n<td class=\"et4\" style=\"width: 241.50pt;\" width=\"322\">Lugar fresco y seco<\/td>\n<\/tr>\n<tr style=\"height: 13.50pt;\">\n<td class=\"et3\" style=\"height: 13.50pt;\" height=\"18\">ra\u00edz<\/td>\n<td class=\"et4\" style=\"width: 241.50pt;\" width=\"322\">China, Shandong<\/td>\n<\/tr>\n<tr style=\"height: 13.50pt;\">\n<td class=\"et3\" style=\"height: 13.50pt;\" height=\"18\">dosis<\/td>\n<td class=\"et4\" style=\"width: 241.50pt;\" width=\"322\">1-2 c\u00e1psulas al d\u00eda<\/td>\n<\/tr>\n<tr style=\"height: 13.50pt;\">\n<td class=\"et3\" style=\"height: 13.50pt;\" height=\"18\">dar un certificado<\/td>\n<td class=\"et4\" style=\"width: 241.50pt;\" width=\"322\">Registro de HACCP, ISO, COA, BRC, FDA<\/td>\n<\/tr>\n<tr style=\"height: 13.50pt;\">\n<td class=\"et3\" style=\"height: 13.50pt;\" height=\"18\">muestra de rid<\/td>\n<td class=\"et4\" style=\"width: 241.50pt;\" width=\"322\">Soporta muestras de OEM\/ODM<\/td>\n<\/tr>\n<tr style=\"height: 13.50pt;\">\n<td class=\"et3\" style=\"height: 13.50pt;\" height=\"18\">OEM\/ODM<\/td>\n<td class=\"et4\" style=\"width: 241.50pt;\" width=\"322\">Logotipo personalizado<\/td>\n<\/tr>\n<tr style=\"height: 13.50pt;\">\n<td class=\"et3\" style=\"height: 13.50pt;\" height=\"18\">mestiza<\/td>\n<td class=\"et4\" style=\"width: 241.50pt;\" width=\"322\">180000 piezas<\/td>\n<\/tr>\n<\/tbody>\n<\/table>","protected":false},"excerpt":{"rendered":"<p>El ingrediente central de este polvo de esporas de Reishi es de esporas de chaga Chaga procesada por la moderna tecnolog\u00eda de micronizaci\u00f3n. Este producto est\u00e1 dise\u00f1ado para proporcionar nutrici\u00f3n herbal diaria. Su funci\u00f3n principal es ayudar a apoyar la capacidad de autorregulaci\u00f3n del cuerpo, ayudar a mantener una funci\u00f3n del sistema inmunol\u00f3gico saludable, promover la adaptabilidad del cuerpo durante los per\u00edodos estresantes y contribuir a mantener el equilibrio y la vitalidad de la salud en general.<\/p>","protected":false},"featured_media":765,"template":"","meta":[],"product_brand":[],"product_cat":[22],"product_tag":[],"class_list":{"0":"post-764","1":"product","2":"type-product","3":"status-publish","4":"has-post-thumbnail","6":"product_cat-capsule-manufacturing","8":"first","9":"instock","10":"shipping-taxable","11":"product-type-simple"},"_links":{"self":[{"href":"https:\/\/kejuhealth.com\/es\/wp-json\/wp\/v2\/product\/764","targetHints":{"allow":["GET"]}}],"collection":[{"href":"https:\/\/kejuhealth.com\/es\/wp-json\/wp\/v2\/product"}],"about":[{"href":"https:\/\/kejuhealth.com\/es\/wp-json\/wp\/v2\/types\/product"}],"wp:featuredmedia":[{"embeddable":true,"href":"https:\/\/kejuhealth.com\/es\/wp-json\/wp\/v2\/media\/765"}],"wp:attachment":[{"href":"https:\/\/kejuhealth.com\/es\/wp-json\/wp\/v2\/media?parent=764"}],"wp:term":[{"taxonomy":"product_brand","embeddable":true,"href":"https:\/\/kejuhealth.com\/es\/wp-json\/wp\/v2\/product_brand?post=764"},{"taxonomy":"product_cat","embeddable":true,"href":"https:\/\/kejuhealth.com\/es\/wp-json\/wp\/v2\/product_cat?post=764"},{"taxonomy":"product_tag","embeddable":true,"href":"https:\/\/kejuhealth.com\/es\/wp-json\/wp\/v2\/product_tag?post=764"}],"curies":[{"name":"wp","href":"https:\/\/api.w.org\/{rel}","templated":true}]}}