{"id":786,"date":"2026-01-27T01:33:55","date_gmt":"2026-01-27T01:33:55","guid":{"rendered":"https:\/\/kejuhealth.com\/?post_type=product&#038;p=786"},"modified":"2026-03-28T00:40:52","modified_gmt":"2026-03-28T00:40:52","slug":"american-ginseng-concentrate-liquid","status":"publish","type":"product","link":"https:\/\/kejuhealth.com\/es\/product\/american-ginseng-concentrate-liquid\/","title":{"rendered":"L\u00edquido concentrado de ginseng americano"},"content":{"rendered":"<table style=\"border-collapse: collapse; width: 424.52pt;\" border=\"0\" width=\"566\" cellspacing=\"0\" cellpadding=\"0\">\n<tbody>\n<tr style=\"height: 32.00pt;\">\n<td class=\"et2\" style=\"height: 32pt; width: 424.5pt; text-align: center;\" colspan=\"2\" width=\"566\" height=\"42\"><strong>L\u00edquido concentrado de ginseng americano<\/strong><\/td>\n<\/tr>\n<tr style=\"height: 30.00pt;\">\n<td class=\"et3\" style=\"height: 30.00pt;\" height=\"40\">ingredientes<\/td>\n<td class=\"et4\" style=\"width: 241.50pt;\" width=\"322\">Water, American Ginseng<\/td>\n<\/tr>\n<tr style=\"height: 31.00pt;\">\n<td class=\"et3\" style=\"height: 31.00pt;\" height=\"41\">presupuesto<\/td>\n<td class=\"et5\">10ml\/bottle<\/td>\n<\/tr>\n<tr style=\"height: 15.00pt;\">\n<td class=\"et3\" style=\"height: 15.00pt;\" height=\"20\">escribir a m\u00e1quina<\/td>\n<td class=\"et4\" style=\"width: 241.50pt;\" width=\"322\">Liquid<\/td>\n<\/tr>\n<tr style=\"height: 15.00pt;\">\n<td class=\"et3\" style=\"height: 15.00pt;\" height=\"20\">sazonar<\/td>\n<td class=\"et4\" style=\"width: 241.50pt;\" width=\"322\">de otra manera que<\/td>\n<\/tr>\n<tr style=\"height: 15.00pt;\">\n<td class=\"et3\" style=\"height: 15.00pt;\" height=\"20\">Gente aplicable<\/td>\n<td class=\"et4\" style=\"width: 241.50pt;\" width=\"322\">Adulto, Hombres, Mujeres<\/td>\n<\/tr>\n<tr style=\"height: 18.00pt;\">\n<td class=\"et3\" style=\"height: 18.00pt;\" height=\"24\">no apto para<\/td>\n<td class=\"et4\" style=\"width: 241.50pt;\" width=\"322\">reci\u00e9n nacido<\/td>\n<\/tr>\n<tr style=\"height: 23.00pt;\">\n<td class=\"et3\" style=\"height: 23.00pt;\" height=\"30\">vida \u00fatil<\/td>\n<td class=\"et4\" style=\"width: 241.50pt;\" width=\"322\">24 meses<\/td>\n<\/tr>\n<tr style=\"height: 13.50pt;\">\n<td class=\"et3\" style=\"height: 13.50pt;\" height=\"18\">M\u00e9todo de almacenamiento<\/td>\n<td class=\"et4\" style=\"width: 241.50pt;\" width=\"322\">Lugar fresco y seco<\/td>\n<\/tr>\n<tr style=\"height: 13.50pt;\">\n<td class=\"et3\" style=\"height: 13.50pt;\" height=\"18\">ra\u00edz<\/td>\n<td class=\"et4\" style=\"width: 241.50pt;\" width=\"322\">China, Shandong<\/td>\n<\/tr>\n<tr style=\"height: 13.50pt;\">\n<td class=\"et3\" style=\"height: 13.50pt;\" height=\"18\">dosis<\/td>\n<td class=\"et4\" style=\"width: 241.50pt;\" width=\"322\">1 bottle per day<\/td>\n<\/tr>\n<tr style=\"height: 13.50pt;\">\n<td class=\"et3\" style=\"height: 13.50pt;\" height=\"18\">dar un certificado<\/td>\n<td class=\"et4\" style=\"width: 241.50pt;\" width=\"322\">Registro de HACCP, ISO, COA, BRC, FDA<\/td>\n<\/tr>\n<tr style=\"height: 13.50pt;\">\n<td class=\"et3\" style=\"height: 13.50pt;\" height=\"18\">muestra de rid<\/td>\n<td class=\"et4\" style=\"width: 241.50pt;\" width=\"322\">Soporta muestras de OEM\/ODM<\/td>\n<\/tr>\n<tr style=\"height: 13.50pt;\">\n<td class=\"et3\" style=\"height: 13.50pt;\" height=\"18\">OEM\/ODM<\/td>\n<td class=\"et4\" style=\"width: 241.50pt;\" width=\"322\">Logotipo personalizado<\/td>\n<\/tr>\n<tr style=\"height: 13.50pt;\">\n<td class=\"et3\" style=\"height: 13.50pt;\" height=\"18\">mestiza<\/td>\n<td class=\"et4\" style=\"width: 241.50pt;\" width=\"322\">100.000 piezas<\/td>\n<\/tr>\n<\/tbody>\n<\/table>","protected":false},"excerpt":{"rendered":"<p>El ingrediente principal l\u00edquido de concentrado de Ginseng americano de este producto es la esencia del Ginseng americano. Se convierte en una forma l\u00edquida concentrada utilizando tecnolog\u00eda moderna, que es f\u00e1cil de absorber y tomar para el cuerpo humano. El ginseng americano es una planta herbal con propiedades adaptog\u00e9nicas. La funci\u00f3n central de este producto radica en ayudar a apoyar el metabolismo energ\u00e9tico natural del cuerpo, ayudando a aliviar la fatiga causada por el trabajo diario y el estr\u00e9s de la vida, y contribuyendo a mantener el equilibrio y la vitalidad de la salud en general.<\/p>","protected":false},"featured_media":787,"template":"","meta":[],"product_brand":[],"product_cat":[25],"product_tag":[],"class_list":{"0":"post-786","1":"product","2":"type-product","3":"status-publish","4":"has-post-thumbnail","6":"product_cat-functional-beverage-manufacturing","8":"first","9":"instock","10":"shipping-taxable","11":"product-type-simple"},"_links":{"self":[{"href":"https:\/\/kejuhealth.com\/es\/wp-json\/wp\/v2\/product\/786","targetHints":{"allow":["GET"]}}],"collection":[{"href":"https:\/\/kejuhealth.com\/es\/wp-json\/wp\/v2\/product"}],"about":[{"href":"https:\/\/kejuhealth.com\/es\/wp-json\/wp\/v2\/types\/product"}],"wp:featuredmedia":[{"embeddable":true,"href":"https:\/\/kejuhealth.com\/es\/wp-json\/wp\/v2\/media\/787"}],"wp:attachment":[{"href":"https:\/\/kejuhealth.com\/es\/wp-json\/wp\/v2\/media?parent=786"}],"wp:term":[{"taxonomy":"product_brand","embeddable":true,"href":"https:\/\/kejuhealth.com\/es\/wp-json\/wp\/v2\/product_brand?post=786"},{"taxonomy":"product_cat","embeddable":true,"href":"https:\/\/kejuhealth.com\/es\/wp-json\/wp\/v2\/product_cat?post=786"},{"taxonomy":"product_tag","embeddable":true,"href":"https:\/\/kejuhealth.com\/es\/wp-json\/wp\/v2\/product_tag?post=786"}],"curies":[{"name":"wp","href":"https:\/\/api.w.org\/{rel}","templated":true}]}}