{"id":788,"date":"2026-01-27T01:38:14","date_gmt":"2026-01-27T01:38:14","guid":{"rendered":"https:\/\/kejuhealth.com\/?post_type=product&#038;p=788"},"modified":"2026-03-28T00:32:03","modified_gmt":"2026-03-28T00:32:03","slug":"glucosamine-chondroitin-calcium-with-d3-capsules","status":"publish","type":"product","link":"https:\/\/kejuhealth.com\/es\/product\/glucosamine-chondroitin-calcium-with-d3-capsules\/","title":{"rendered":"Glucosamina condroitina calcio con c\u00e1psulas D3"},"content":{"rendered":"<table width=\"566\">\n<tbody>\n<tr>\n<td style=\"text-align: center;\" colspan=\"2\" width=\"566\"><strong>Glucosamina condroitina calcio con c\u00e1psulas D3<\/strong><\/td>\n<\/tr>\n<tr>\n<td>ingredientes<\/td>\n<td width=\"322\">\u00a0Calcio, sulfato de condroitina, clorhidrato de D-glucosamina, vitamina D3<\/td>\n<\/tr>\n<tr>\n<td>presupuesto<\/td>\n<td>\u00a00,5 g\/c\u00e1psula<\/td>\n<\/tr>\n<tr>\n<td>escribir a m\u00e1quina<\/td>\n<td width=\"322\">c\u00e1psulas<\/td>\n<\/tr>\n<tr>\n<td>sazonar<\/td>\n<td width=\"322\">de otra manera que<\/td>\n<\/tr>\n<tr>\n<td>Gente aplicable<\/td>\n<td width=\"322\">Adulto, Hombres, Mujeres<\/td>\n<\/tr>\n<tr>\n<td>no apto para<\/td>\n<td width=\"322\">reci\u00e9n nacido<\/td>\n<\/tr>\n<tr>\n<td>vida \u00fatil<\/td>\n<td width=\"322\">24 meses<\/td>\n<\/tr>\n<tr>\n<td>M\u00e9todo de almacenamiento<\/td>\n<td width=\"322\">Lugar fresco y seco<\/td>\n<\/tr>\n<tr>\n<td>ra\u00edz<\/td>\n<td width=\"322\">China, Shandong<\/td>\n<\/tr>\n<tr>\n<td>dosis<\/td>\n<td width=\"322\">1-2 c\u00e1psulas al d\u00eda<\/td>\n<\/tr>\n<tr>\n<td>dar un certificado<\/td>\n<td width=\"322\">Registro de HACCP, ISO, COA, BRC, FDA<\/td>\n<\/tr>\n<tr>\n<td>muestra de rid<\/td>\n<td width=\"322\">Soporta muestras de OEM\/ODM<\/td>\n<\/tr>\n<tr>\n<td>OEM\/ODM<\/td>\n<td width=\"322\">Logotipo personalizado<\/td>\n<\/tr>\n<tr>\n<td>mestiza<\/td>\n<td width=\"322\">180000 piezas<\/td>\n<\/tr>\n<\/tbody>\n<\/table>","protected":false},"excerpt":{"rendered":"<p>La glucosamina condroitina calcio con c\u00e1psulas D3 funcionan en la salud del cart\u00edlago articular. Su funci\u00f3n principal es ayudar a mantener la flexibilidad y comodidad de las articulaciones, as\u00ed como preservar la salud y la fuerza de los huesos. Es adecuado para adultos que se preocupan por el mantenimiento de articulaciones y huesos a largo plazo.<\/p>","protected":false},"featured_media":789,"template":"","meta":[],"product_brand":[],"product_cat":[22],"product_tag":[],"class_list":{"0":"post-788","1":"product","2":"type-product","3":"status-publish","4":"has-post-thumbnail","6":"product_cat-capsule-manufacturing","8":"first","9":"instock","10":"shipping-taxable","11":"product-type-simple"},"_links":{"self":[{"href":"https:\/\/kejuhealth.com\/es\/wp-json\/wp\/v2\/product\/788","targetHints":{"allow":["GET"]}}],"collection":[{"href":"https:\/\/kejuhealth.com\/es\/wp-json\/wp\/v2\/product"}],"about":[{"href":"https:\/\/kejuhealth.com\/es\/wp-json\/wp\/v2\/types\/product"}],"wp:featuredmedia":[{"embeddable":true,"href":"https:\/\/kejuhealth.com\/es\/wp-json\/wp\/v2\/media\/789"}],"wp:attachment":[{"href":"https:\/\/kejuhealth.com\/es\/wp-json\/wp\/v2\/media?parent=788"}],"wp:term":[{"taxonomy":"product_brand","embeddable":true,"href":"https:\/\/kejuhealth.com\/es\/wp-json\/wp\/v2\/product_brand?post=788"},{"taxonomy":"product_cat","embeddable":true,"href":"https:\/\/kejuhealth.com\/es\/wp-json\/wp\/v2\/product_cat?post=788"},{"taxonomy":"product_tag","embeddable":true,"href":"https:\/\/kejuhealth.com\/es\/wp-json\/wp\/v2\/product_tag?post=788"}],"curies":[{"name":"wp","href":"https:\/\/api.w.org\/{rel}","templated":true}]}}