{"id":790,"date":"2026-01-27T01:38:49","date_gmt":"2026-01-27T01:38:49","guid":{"rendered":"https:\/\/kejuhealth.com\/?post_type=product&#038;p=790"},"modified":"2026-03-27T09:27:34","modified_gmt":"2026-03-27T09:27:34","slug":"rose-oil-softgels","status":"publish","type":"product","link":"https:\/\/kejuhealth.com\/es\/product\/rose-oil-softgels\/","title":{"rendered":"C\u00e1psulas blandas de aceite de rosa"},"content":{"rendered":"<table width=\"566\">\n<tbody>\n<tr>\n<td style=\"text-align: center;\" colspan=\"2\" width=\"566\"><strong>C\u00e1psulas blandas de aceite de rosa<\/strong><\/td>\n<\/tr>\n<tr>\n<td>ingredientes<\/td>\n<td width=\"322\">\u00a0Aceite de semilla de uva, aceite de rosa, oligosac\u00e1ridos, aceite de espino amarillo, aceite de krill ant\u00e1rtico, p\u00e9talos de rosa, p\u00e9ptido en polvo de p\u00e9ptido de nido de p\u00e1jaro<\/td>\n<\/tr>\n<tr>\n<td>presupuesto<\/td>\n<td>\u00a00.6 g\/capsule<\/td>\n<\/tr>\n<tr>\n<td>escribir a m\u00e1quina<\/td>\n<td width=\"322\">c\u00e1psulas blandas<\/td>\n<\/tr>\n<tr>\n<td>sazonar<\/td>\n<td width=\"322\">de otra manera que<\/td>\n<\/tr>\n<tr>\n<td>Gente aplicable<\/td>\n<td width=\"322\">Adulto, Hombres, Mujeres<\/td>\n<\/tr>\n<tr>\n<td>no apto para<\/td>\n<td width=\"322\">reci\u00e9n nacido<\/td>\n<\/tr>\n<tr>\n<td>vida \u00fatil<\/td>\n<td width=\"322\">24 meses<\/td>\n<\/tr>\n<tr>\n<td>M\u00e9todo de almacenamiento<\/td>\n<td width=\"322\">Lugar fresco y seco<\/td>\n<\/tr>\n<tr>\n<td>ra\u00edz<\/td>\n<td width=\"322\">China, Shandong<\/td>\n<\/tr>\n<tr>\n<td>dosis<\/td>\n<td width=\"322\">1-2 c\u00e1psulas al d\u00eda<\/td>\n<\/tr>\n<tr>\n<td>dar un certificado<\/td>\n<td width=\"322\">Registro de HACCP, ISO, COA, BRC, FDA<\/td>\n<\/tr>\n<tr>\n<td>muestra de rid<\/td>\n<td width=\"322\">Soporta muestras de OEM\/ODM<\/td>\n<\/tr>\n<tr>\n<td>OEM\/ODM<\/td>\n<td width=\"322\">Logotipo personalizado<\/td>\n<\/tr>\n<tr>\n<td>mestiza<\/td>\n<td width=\"322\">180000 piezas<\/td>\n<\/tr>\n<\/tbody>\n<\/table>","protected":false},"excerpt":{"rendered":"<p>The rose oil softgels compound formula is designed to provide nourishment from the inside out. Its core function is to help maintain skin health, improve the dryness of the skin caused by oxidation and the external environment, and help soothe emotions, providing an internal nourishment foundation for women&#8217;s daily health balance.<\/p>","protected":false},"featured_media":791,"template":"","meta":[],"product_brand":[],"product_cat":[23],"product_tag":[],"class_list":{"0":"post-790","1":"product","2":"type-product","3":"status-publish","4":"has-post-thumbnail","6":"product_cat-softgel-manufacturing","8":"first","9":"instock","10":"shipping-taxable","11":"product-type-simple"},"_links":{"self":[{"href":"https:\/\/kejuhealth.com\/es\/wp-json\/wp\/v2\/product\/790","targetHints":{"allow":["GET"]}}],"collection":[{"href":"https:\/\/kejuhealth.com\/es\/wp-json\/wp\/v2\/product"}],"about":[{"href":"https:\/\/kejuhealth.com\/es\/wp-json\/wp\/v2\/types\/product"}],"wp:featuredmedia":[{"embeddable":true,"href":"https:\/\/kejuhealth.com\/es\/wp-json\/wp\/v2\/media\/791"}],"wp:attachment":[{"href":"https:\/\/kejuhealth.com\/es\/wp-json\/wp\/v2\/media?parent=790"}],"wp:term":[{"taxonomy":"product_brand","embeddable":true,"href":"https:\/\/kejuhealth.com\/es\/wp-json\/wp\/v2\/product_brand?post=790"},{"taxonomy":"product_cat","embeddable":true,"href":"https:\/\/kejuhealth.com\/es\/wp-json\/wp\/v2\/product_cat?post=790"},{"taxonomy":"product_tag","embeddable":true,"href":"https:\/\/kejuhealth.com\/es\/wp-json\/wp\/v2\/product_tag?post=790"}],"curies":[{"name":"wp","href":"https:\/\/api.w.org\/{rel}","templated":true}]}}