{"id":800,"date":"2026-01-27T01:55:57","date_gmt":"2026-01-27T01:55:57","guid":{"rendered":"https:\/\/kejuhealth.com\/?post_type=product&#038;p=800"},"modified":"2026-03-27T08:54:13","modified_gmt":"2026-03-27T08:54:13","slug":"acer-truncatum-seed-oil-softgels","status":"publish","type":"product","link":"https:\/\/kejuhealth.com\/es\/product\/acer-truncatum-seed-oil-softgels\/","title":{"rendered":"Acer Truncatum Aceite de semilla C\u00e1psulas blandas"},"content":{"rendered":"<table width=\"566\">\n<tbody>\n<tr>\n<td style=\"text-align: center;\" colspan=\"2\" width=\"566\"><strong>Acer Truncatum Aceite de semilla C\u00e1psulas blandas<\/strong><\/td>\n<\/tr>\n<tr>\n<td>ingredientes<\/td>\n<td width=\"322\">\u00a0Aceite de linaza, isomaltooligosac\u00e1rido, aceite de semilla de Acer truncatum<\/td>\n<\/tr>\n<tr>\n<td>presupuesto<\/td>\n<td>0.5g\/c\u00e1psula<\/td>\n<\/tr>\n<tr>\n<td>escribir a m\u00e1quina<\/td>\n<td width=\"322\">c\u00e1psulas blandas<\/td>\n<\/tr>\n<tr>\n<td>sazonar<\/td>\n<td width=\"322\">de otra manera que<\/td>\n<\/tr>\n<tr>\n<td>Gente aplicable<\/td>\n<td width=\"322\">Adulto, Hombres, Mujeres<\/td>\n<\/tr>\n<tr>\n<td>no apto para<\/td>\n<td width=\"322\">reci\u00e9n nacido<\/td>\n<\/tr>\n<tr>\n<td>vida \u00fatil<\/td>\n<td width=\"322\">24 meses<\/td>\n<\/tr>\n<tr>\n<td>M\u00e9todo de almacenamiento<\/td>\n<td width=\"322\">Lugar fresco y seco<\/td>\n<\/tr>\n<tr>\n<td>ra\u00edz<\/td>\n<td width=\"322\">China, Shandong<\/td>\n<\/tr>\n<tr>\n<td>dosis<\/td>\n<td width=\"322\">1-2 c\u00e1psulas al d\u00eda<\/td>\n<\/tr>\n<tr>\n<td>dar un certificado<\/td>\n<td width=\"322\">Registro de HACCP, ISO, COA, BRC, FDA<\/td>\n<\/tr>\n<tr>\n<td>muestra de rid<\/td>\n<td width=\"322\">Soporta muestras de OEM\/ODM<\/td>\n<\/tr>\n<tr>\n<td>OEM\/ODM<\/td>\n<td width=\"322\">Logotipo personalizado<\/td>\n<\/tr>\n<tr>\n<td>mestiza<\/td>\n<td width=\"322\">180000 piezas<\/td>\n<\/tr>\n<\/tbody>\n<\/table>","protected":false},"excerpt":{"rendered":"<p>El ingrediente principal de este producto es el aceite de semilla de Acer truncatum, el aceite de semilla de Aucuba Japonica, combinado con aceite de linaza. El aceite de semilla de Aucuba Japonica es uno de los aceites vegetales naturales raros que es rico en \u00e1cido neuroactivo (este componente es un componente importante de las fibras nerviosas del cerebro); el aceite de linaza proporciona abundante \u00e1cido \u03b1-linol\u00e9nico. Este producto tiene como objetivo proporcionar un soporte nutricional de l\u00edpidos caracter\u00edstico para el sistema nervioso. Su funci\u00f3n central es ayudar a apoyar el mantenimiento de la salud de las c\u00e9lulas nerviosas del cerebro y proporcionar apoyo nutricional b\u00e1sico para la salud del cerebro.<\/p>","protected":false},"featured_media":801,"template":"","meta":[],"product_brand":[],"product_cat":[23],"product_tag":[],"class_list":{"0":"post-800","1":"product","2":"type-product","3":"status-publish","4":"has-post-thumbnail","6":"product_cat-softgel-manufacturing","8":"first","9":"instock","10":"shipping-taxable","11":"product-type-simple"},"_links":{"self":[{"href":"https:\/\/kejuhealth.com\/es\/wp-json\/wp\/v2\/product\/800","targetHints":{"allow":["GET"]}}],"collection":[{"href":"https:\/\/kejuhealth.com\/es\/wp-json\/wp\/v2\/product"}],"about":[{"href":"https:\/\/kejuhealth.com\/es\/wp-json\/wp\/v2\/types\/product"}],"wp:featuredmedia":[{"embeddable":true,"href":"https:\/\/kejuhealth.com\/es\/wp-json\/wp\/v2\/media\/801"}],"wp:attachment":[{"href":"https:\/\/kejuhealth.com\/es\/wp-json\/wp\/v2\/media?parent=800"}],"wp:term":[{"taxonomy":"product_brand","embeddable":true,"href":"https:\/\/kejuhealth.com\/es\/wp-json\/wp\/v2\/product_brand?post=800"},{"taxonomy":"product_cat","embeddable":true,"href":"https:\/\/kejuhealth.com\/es\/wp-json\/wp\/v2\/product_cat?post=800"},{"taxonomy":"product_tag","embeddable":true,"href":"https:\/\/kejuhealth.com\/es\/wp-json\/wp\/v2\/product_tag?post=800"}],"curies":[{"name":"wp","href":"https:\/\/api.w.org\/{rel}","templated":true}]}}