{"id":3,"date":"2026-01-16T08:53:21","date_gmt":"2026-01-16T08:53:21","guid":{"rendered":"https:\/\/kejuhealth.com\/?page_id=3"},"modified":"2026-02-05T09:25:12","modified_gmt":"2026-02-05T09:25:12","slug":"privacy-policy","status":"publish","type":"page","link":"https:\/\/kejuhealth.com\/fr\/privacy-policy\/","title":{"rendered":"Politique de confidentialit\u00e9"},"content":{"rendered":"<div data-elementor-type=\"wp-page\" data-elementor-id=\"3\" class=\"elementor elementor-3\" data-elementor-post-type=\"page\">\n\t\t\t\t<div class=\"elementor-element elementor-element-ad91820 e-flex e-con-boxed e-con e-parent\" data-id=\"ad91820\" data-element_type=\"container\" data-e-type=\"container\" data-settings=\"{&quot;background_background&quot;:&quot;classic&quot;,&quot;ekit_has_onepagescroll_dot&quot;:&quot;yes&quot;}\">\n\t\t\t\t\t<div class=\"e-con-inner\">\n\t\t\t\t<div class=\"elementor-element elementor-element-a981665 elementor-widget elementor-widget-heading\" data-id=\"a981665\" data-element_type=\"widget\" data-e-type=\"widget\" data-settings=\"{&quot;ekit_we_effect_on&quot;:&quot;none&quot;}\" data-widget_type=\"heading.default\">\n\t\t\t\t\t<h1 class=\"elementor-heading-title elementor-size-default\">Politique de confidentialit\u00e9<\/h1>\t\t\t\t<\/div>\n\t\t\t\t<div class=\"elementor-element elementor-element-6442c58 elementor-icon-list--layout-inline elementor-align-center elementor-icon-list-ico-position-0 elementor-list-item-link-full_width elementor-invisible elementor-widget elementor-widget-icon-list\" data-id=\"6442c58\" data-element_type=\"widget\" data-e-type=\"widget\" data-settings=\"{&quot;_animation&quot;:&quot;fadeIn&quot;,&quot;_animation_delay&quot;:200,&quot;ekit_we_effect_on&quot;:&quot;none&quot;}\" data-widget_type=\"icon-list.default\">\n\t\t\t\t\t\t\t<ul class=\"elementor-icon-list-items elementor-inline-items\">\n\t\t\t\t\t\t\t<li class=\"elementor-icon-list-item elementor-inline-item\">\n\t\t\t\t\t\t\t\t\t\t\t<a href=\"https:\/\/kejuhealth.com\/fr\/\">\n\n\t\t\t\t\t\t\t\t\t\t\t\t<span class=\"elementor-icon-list-icon\">\n\t\t\t\t\t\t\t<i aria-hidden=\"true\" class=\"icon icon-home1\"><\/i>\t\t\t\t\t\t<\/span>\n\t\t\t\t\t\t\t\t\t\t<span class=\"elementor-icon-list-text\">domicile<\/span>\n\t\t\t\t\t\t\t\t\t\t\t<\/a>\n\t\t\t\t\t\t\t\t\t<\/li>\n\t\t\t\t\t\t\t\t<li class=\"elementor-icon-list-item elementor-inline-item\">\n\t\t\t\t\t\t\t\t\t\t\t<span class=\"elementor-icon-list-icon\">\n\t\t\t\t\t\t\t<i aria-hidden=\"true\" class=\"icon icon-right-arrow\"><\/i>\t\t\t\t\t\t<\/span>\n\t\t\t\t\t\t\t\t\t\t<span class=\"elementor-icon-list-text\">Politique de confidentialit\u00e9<\/span>\n\t\t\t\t\t\t\t\t\t<\/li>\n\t\t\t\t\t\t<\/ul>\n\t\t\t\t\t\t<\/div>\n\t\t\t\t\t<\/div>\n\t\t\t\t<\/div>\n\t\t<div class=\"elementor-element elementor-element-760f245 e-flex e-con-boxed e-con e-parent\" data-id=\"760f245\" data-element_type=\"container\" data-e-type=\"container\" data-settings=\"{&quot;ekit_has_onepagescroll_dot&quot;:&quot;yes&quot;}\">\n\t\t\t\t\t<div class=\"e-con-inner\">\n\t\t\t\t<div class=\"elementor-element elementor-element-617be4c elementor-widget elementor-widget-text-editor\" data-id=\"617be4c\" data-element_type=\"widget\" data-e-type=\"widget\" data-settings=\"{&quot;ekit_we_effect_on&quot;:&quot;none&quot;}\" data-widget_type=\"text-editor.default\">\n\t\t\t\t\t\t\t\t\t<p><\/p>\n<div id=\"gspb_text-id-gsbp-5c2daff\" class=\"gspb_text gspb_text-id-gsbp-5c2daff\">\n<div class=\"auto-hide-last-sibling-br paragraph-pP9ZLC paragraph-element br-paragraph-space\">\n<p>Shandong Keju Pharmaceutical Co., Ltd s'engage \u00e0 prot\u00e9ger votre vie priv\u00e9e et \u00e0 gagner votre confiance. \u201cKeju Pharmaceutical\u00a0ne vend, n'\u00e9change ou ne loue pas vos informations personnelles \u00e0 des tiers. Cette politique divulgue les pratiques de confidentialit\u00e9 du site Web \u201cKeju Pharmaceutical\u00a0. Nous utilisons les informations que nous collectons \u00e0 votre sujet sur le site Web \u201cKeju\u00a0Pharmac\u00a0Web pour traiter les commandes et maintenir une relation avec vous tout au long de l'utilisation de nos produits et services. Cette politique explique comment vos informations personnelles sont prot\u00e9g\u00e9es. Notre intention est de vous donner le plus de contr\u00f4le possible sur votre vie priv\u00e9e et vos informations personnelles et sur l'utilisation que nous en faisons dans notre entreprise.<\/p>\n<\/div>\n<div class=\"container-Uxvbjy md-box-line-break wrapper-GYqxgQ undefined\">\u00a0<\/div>\n<h4 class=\"auto-hide-last-sibling-br paragraph-pP9ZLC paragraph-element br-paragraph-space wp-block-heading\">Comment Keju Pharmaceutica utilise-t-il mes informations ?<\/h4>\n<div class=\"container-Uxvbjy md-box-line-break wrapper-GYqxgQ undefined\">\u00a0<\/div>\n<div class=\"auto-hide-last-sibling-br paragraph-pP9ZLC paragraph-element br-paragraph-space\">\n<p>Nous collectons des informations personnelles pour nous aider \u00e0 offrir une exp\u00e9rience utilisateur de haute qualit\u00e9 et \u00e0 aider Keju Pharmaceutical \u00e0 mieux comprendre nos clients. t Pharmaceutical\u00a0ne vend, n'\u00e9change ou ne loue pas vos informations personnelles \u00e0 des tiers. Les informations personnelles que vous choisissez de nous fournir permettent \u00e0 Keju Pharmaceutical de traiter et de r\u00e9pondre \u00e0 votre demande d'essai gratuit du centre de formation pharmaceutique Keju. Nous utilisons \u00e9galement ces informations si vous choisissez de commander nos produits et services pour traiter et compl\u00e9ter votre commande et vous informer de votre statut de commande.<\/p>\n<p>\u00a0<\/p>\n<ol>\n<li>Nous utilisons les informations personnelles que vous nous communiquez pour vous fournir des informations \u00e0 jour sur les produits et services pharmaceutiques Keju.<\/li>\n<li>Nous pouvons utiliser les informations que nous collectons pour vous informer de temps \u00e0 autre des changements importants dans les fonctionnalit\u00e9s du site Web, des nouveaux services et produits pharmaceutiques Keju, et des offres sp\u00e9ciales que nous pensons que vous trouverez utiles.<\/li>\n<li>Lorsque vous nous fournissez des informations personnelles pour participer \u00e0 un concours ou une promotion parrain\u00e9e par Keju Pharmaceutical ou ses partenaires, nous utilisons ces informations pour administrer le concours et en informer les gagnants. Nous conservons toutes les informations relatives \u00e0 ces concours et promotions.<\/li>\n<li>Nous allons diffuser des publicit\u00e9s ou promotions cibl\u00e9es \u00e0 nos clients en utilisant les informations personnelles que vous nous fournissez. Nous n'autorisons pas les annonceurs \u00e0 avoir acc\u00e8s aux informations de compte individuelles. Ces publicit\u00e9s sont g\u00e9n\u00e9ralement des banni\u00e8res publicitaires et des e-mails promotionnels.<\/li>\n<li>Nous \u00e9tudions \u00e9galement la d\u00e9mographie, les int\u00e9r\u00eats et le comportement de nos utilisateurs en fonction des informations que vous nous fournissez dans notre outil de sondage en ligne. Nous compilons et analysons ces informations sur une base agr\u00e9g\u00e9e ou anonyme.<\/li>\n<li>Nous utilisons les adresses IP que nous collectons pour signaler \u00e0 nos annonceurs des informations agr\u00e9g\u00e9es ou anonymes.<\/li>\n<\/ol>\n<\/div>\n<div class=\"container-Uxvbjy md-box-line-break wrapper-GYqxgQ undefined\">\u00a0<\/div>\n<h4 class=\"auto-hide-last-sibling-br paragraph-pP9ZLC paragraph-element br-paragraph-space\">Qui collecte des informations ?<\/h4>\n<div class=\"container-Uxvbjy md-box-line-break wrapper-GYqxgQ undefined\">\u00a0<\/div>\n<div class=\"auto-hide-last-sibling-br paragraph-pP9ZLC paragraph-element br-paragraph-space\">\n<p>Lorsque vous fournissez des informations personnelles sur un site pharmaceutique Keju, vous ne partagez ces informations qu'avec Keju Pharmaceutical\u00a0sauf si vous en \u00eates sp\u00e9cifiquement inform\u00e9 autrement. Si une entreprise autre que Keju Pharmaceutical\u00a0r\u00e9cup\u00e8re ou conserve vos donn\u00e9es personnelles sur notre site Web, vous serez inform\u00e9 avant qu'elle ne soit collect\u00e9e ou transf\u00e9r\u00e9e. Vous pouvez toujours choisir de ne pas partager les informations. Lorsque des soci\u00e9t\u00e9s autres que Keju Pharmaceutical\u00a0Sponsor Promotions, les donn\u00e9es collect\u00e9es sur le site pharmaceutique Keju\u00a0en relation avec ces promotions peuvent \u00eatre partag\u00e9es avec le sponsor. Encore une fois, si tel est le cas, vous serez inform\u00e9 avant que les donn\u00e9es ne soient collect\u00e9es ou transf\u00e9r\u00e9es, et vous pouvez d\u00e9cider de ne pas participer. La plupart de ces promotions sont limit\u00e9es aux r\u00e9sidents am\u00e9ricains ou nord-am\u00e9ricains. Si vous quittez notre site Web en utilisant des liens pour acc\u00e9der \u00e0 d'autres sites Web tiers, ces tiers peuvent recueillir des informations vous concernant. Cette politique de confidentialit\u00e9 ne couvre pas les pratiques de ces entreprises.<\/p>\n<\/div>\n<div class=\"container-Uxvbjy md-box-line-break wrapper-GYqxgQ undefined\">\u00a0<\/div>\n<h4 class=\"auto-hide-last-sibling-br paragraph-pP9ZLC paragraph-element br-paragraph-space\">Keju Pharmaceutica partage-t-il mes informations ?<\/h4>\n<p>Autre que comme indiqu\u00e9 dans cette politique, Keju Pharmaceutical ne divulgue aucune de vos informations personnelles \u00e0 des tiers sans votre permission. Lisez les sections suivantes pour en savoir plus.<\/p>\n<div class=\"container-Uxvbjy md-box-line-break wrapper-GYqxgQ undefined\">\u00a0<\/div>\n<h4 class=\"auto-hide-last-sibling-br paragraph-pP9ZLC paragraph-element br-paragraph-space\">Autres situations<\/h4>\n<div class=\"container-Uxvbjy md-box-line-break wrapper-GYqxgQ undefined\">\u00a0<\/div>\n<div class=\"auto-hide-last-sibling-br paragraph-pP9ZLC paragraph-element br-paragraph-space\">\n<p>Keju Pharmaceutical peut \u00e9galement divulguer vos informations lorsque la divulgation est n\u00e9cessaire pour identifier, contacter ou intenter une action en justice contre une personne qui peut causer une blessure ou une interf\u00e9rence avec nos droits ou droits de propri\u00e9t\u00e9, les droits des utilisateurs ou d'autres droits. De la m\u00eame mani\u00e8re, Keju Pharmaceutical\u00a0divulguera des informations lorsque nous pensons raisonnablement que la divulgation est requise par la loi ou pour se conformer \u00e0 une proc\u00e9dure l\u00e9gale signifi\u00e9e sur Keju Pharmaceutical\u00a0ou sur son site Web. Nous pouvons divulguer vos informations personnelles dans la bonne foi que nous devons agir dans des circonstances urgentes pour prot\u00e9ger la s\u00e9curit\u00e9 personnelle des utilisateurs de Keju Pharmaceutical, de son site Web ou du public.<\/p>\n<\/div>\n<div class=\"container-Uxvbjy md-box-line-break wrapper-GYqxgQ undefined\">\u00a0<\/div>\n<h4 class=\"auto-hide-last-sibling-br paragraph-pP9ZLC paragraph-element br-paragraph-space\">Comment Keju Pharmaceutica prot\u00e8ge-t-il votre carte de cr\u00e9dit et vos informations financi\u00e8res ?<\/h4>\n<div class=\"auto-hide-last-sibling-br paragraph-pP9ZLC paragraph-element br-paragraph-space\">\n<div class=\"container-Uxvbjy md-box-line-break wrapper-GYqxgQ undefined\">\u00a0<\/div>\nNous nous engageons \u00e0 prot\u00e9ger la confidentialit\u00e9 de vos informations de carte de cr\u00e9dit et de compte financier. Nous ne vendons, n'\u00e9changeons pas ou ne louons pas vos informations financi\u00e8res ou de cr\u00e9dit. Nous ne mettons pas ces informations \u00e0 la disposition de qui que ce soit sans votre permission. Nous pouvons fournir des donn\u00e9es statistiques sur nos clients aux annonceurs, partenaires, fournisseurs et autres tiers r\u00e9put\u00e9s. Ces donn\u00e9es ne comprennent que des donn\u00e9es agr\u00e9g\u00e9es ou anonymes, qui ne contiennent aucune information personnellement identifiable. Par exemple, nous ne divulguerons pas que vous avez achet\u00e9 un produit sp\u00e9cifique, mais nous pourrions divulguer des statistiques sur le nombre de clients qui ont achet\u00e9 un produit sp\u00e9cifique. Lorsque vous entrez des informations de carte de cr\u00e9dit sur notre site Web, nous transmettons les informations au format chiffr\u00e9, en utilisant le cryptage standard de la couche de socket s\u00e9curis\u00e9 (SSL) standard.<\/div>\n<div class=\"container-Uxvbjy md-box-line-break wrapper-GYqxgQ undefined\">\u00a0<\/div>\n<h4 class=\"auto-hide-last-sibling-br paragraph-pP9ZLC paragraph-element br-paragraph-space\">Vos droits relatifs \u00e0 vos donn\u00e9es personnelles<\/h4>\n<div class=\"container-Uxvbjy md-box-line-break wrapper-GYqxgQ undefined\">\u00a0<\/div>\n<div class=\"auto-hide-last-sibling-br paragraph-pP9ZLC paragraph-element br-paragraph-space\">Vous avez le droit, en vertu de cette politique de confidentialit\u00e9 et de cookies, et par la loi si vous \u00eates au sein de l'UE, de\u00a0:<\/div>\n<div class=\"container-Uxvbjy md-box-line-break wrapper-GYqxgQ undefined\">\u00a0<\/div>\n<div class=\"auto-hide-last-sibling-br paragraph-pP9ZLC paragraph-element br-paragraph-space\">-Demander l'acc\u00e8s \u00e0 vos donn\u00e9es personnelles. Si vous \u00eates au sein de l'UE, cela vous permet de recevoir une copie des donn\u00e9es personnelles que nous d\u00e9tenons \u00e0 votre sujet et de v\u00e9rifier que nous les traitons l\u00e9galement.\n<div class=\"container-Uxvbjy md-box-line-break wrapper-GYqxgQ undefined\">\u00a0<\/div>\n-Demander la correction des donn\u00e9es personnelles que nous d\u00e9tenons \u00e0 votre sujet. Cela vous permet de faire corriger toute information incompl\u00e8te ou inexacte que nous d\u00e9tenons \u00e0 votre sujet.\n<div class=\"container-Uxvbjy md-box-line-break wrapper-GYqxgQ undefined\">\u00a0<\/div>\n-Demander l'effacement de vos donn\u00e9es personnelles. Cela vous permet de nous demander de supprimer ou de supprimer des donn\u00e9es personnelles l\u00e0 o\u00f9 il n'y a aucune raison valable pour que nous continuions \u00e0 les traiter. Vous avez \u00e9galement le droit de vous demander si vous \u00eates au sein de l'UE de nous demander de supprimer ou de supprimer vos donn\u00e9es personnelles lorsque vous avez exerc\u00e9 votre droit de s'opposer au traitement (voir ci-dessous).\n<div class=\"container-Uxvbjy md-box-line-break wrapper-GYqxgQ undefined\">\u00a0<\/div>\n-Objet au traitement de vos donn\u00e9es personnelles. Ce droit existe lorsque nous nous appuyons sur un int\u00e9r\u00eat l\u00e9gitime comme base juridique pour notre traitement et il y a quelque chose dans votre situation particuli\u00e8re, ce qui vous donne envie de vous opposer au traitement de vos donn\u00e9es personnelles sur ce terrain. Vous avez \u00e9galement le droit de vous objecter lorsque nous traitons vos donn\u00e9es personnelles \u00e0 des fins de marketing direct.\n<div class=\"container-Uxvbjy md-box-line-break wrapper-GYqxgQ undefined\">\u00a0<\/div>\n-Demandez la restriction du traitement de vos donn\u00e9es personnelles. Cela vous permet de nous demander de suspendre le traitement des donn\u00e9es personnelles vous concernant, par exemple si vous souhaitez que nous \u00e9tablissions son exactitude ou la raison de son traitement.\n<div class=\"container-Uxvbjy md-box-line-break wrapper-GYqxgQ undefined\">\u00a0<\/div>\n-Demander le transfert de vos donn\u00e9es personnelles. Si vous \u00eates au sein de l'UE, nous vous fournirons, ou un tiers que vous avez choisi, vos donn\u00e9es personnelles dans un format structur\u00e9, couramment utilis\u00e9 et lisible par machine. Notez que ce droit ne s'applique qu'aux informations automatis\u00e9es que vous nous avez fournies initialement pour les utiliser ou lorsque nous avons utilis\u00e9 les informations pour ex\u00e9cuter un contrat avec vous.\n<div class=\"container-Uxvbjy md-box-line-break wrapper-GYqxgQ undefined\">\u00a0<\/div>\n-Retirer le consentement. Ce droit n'existe que lorsque nous nous appuyons sur le consentement pour traiter vos donn\u00e9es personnelles (\u201c\u00a0Retrait du consentement\u00a0\u201d). Si vous retirez votre consentement, nous ne serons peut-\u00eatre pas en mesure de vous donner acc\u00e8s \u00e0 certaines fonctionnalit\u00e9s sp\u00e9cifiques de notre site. Nous vous informerons si tel est le cas au moment o\u00f9 vous retirez votre consentement<\/div>\n<div class=\"container-Uxvbjy md-box-line-break wrapper-GYqxgQ undefined\">\u00a0<\/div>\n<h4 class=\"auto-hide-last-sibling-br paragraph-pP9ZLC paragraph-element br-paragraph-space\">plaintes<\/h4>\n<div class=\"container-Uxvbjy md-box-line-break wrapper-GYqxgQ undefined\">\u00a0<\/div>\n<div class=\"auto-hide-last-sibling-br paragraph-pP9ZLC paragraph-element br-paragraph-space\">Si vous souhaitez d\u00e9poser une plainte concernant cette politique de confidentialit\u00e9 ou nos pratiques concernant vos donn\u00e9es personnelles, veuillez nous contacter \u00e0\u00a0: <em><strong><a href=\"mailto:yuhaizhang@kejuyaoye.com.cn\">yuhaizhang@kejuyaoye.com.cn<\/a><\/strong><\/em>.<\/div>\n<div class=\"auto-hide-last-sibling-br paragraph-pP9ZLC paragraph-element br-paragraph-space\">Nous r\u00e9pondrons \u00e0 votre plainte d\u00e8s que possible.<\/div>\n<div class=\"container-Uxvbjy md-box-line-break wrapper-GYqxgQ undefined\">\u00a0<\/div>\n<div class=\"auto-hide-last-sibling-br paragraph-pP9ZLC paragraph-element br-paragraph-space\">Si vous pensez que votre plainte n'a pas \u00e9t\u00e9 r\u00e9solue de mani\u00e8re ad\u00e9quate, veuillez noter que si vous \u00eates dans l'UE, le RGPD vous donne le droit de contacter votre autorit\u00e9 de surveillance locale en mati\u00e8re de protection des donn\u00e9es.<\/div>\n<div class=\"container-Uxvbjy md-box-line-break wrapper-GYqxgQ undefined\">\u00a0<\/div>\n<div class=\"auto-hide-last-sibling-br paragraph-pP9ZLC paragraph-element br-paragraph-space\">Fichiers journaux : les informations sur les fichiers journaux sont automatiquement signal\u00e9es par votre navigateur chaque fois que vous acc\u00e9dez \u00e0 une page Web. Lorsque vous utilisez les Services, nos serveurs enregistrent automatiquement certaines informations que votre navigateur Web envoie chaque fois que vous visitez un site Web. Ces journaux de serveurs peuvent inclure des informations telles que votre demande Web, votre adresse de protocole Internet, votre type de navigateur, vos pages et URL de r\u00e9f\u00e9rence \/ sortie, le nombre de clics, les noms de domaine, les pages de destination, les pages consult\u00e9es et autres informations.<\/div>\n<div class=\"container-Uxvbjy md-box-line-break wrapper-GYqxgQ undefined\">\u00a0<\/div>\n<h4 class=\"auto-hide-last-sibling-br paragraph-pP9ZLC paragraph-element br-paragraph-space\">Combien de temps nous conservons vos donn\u00e9es personnelles<\/h4>\n<div class=\"container-Uxvbjy md-box-line-break wrapper-GYqxgQ undefined\">\u00a0<\/div>\n<div class=\"auto-hide-last-sibling-br paragraph-pP9ZLC paragraph-element br-paragraph-space\">Nous conserverons vos informations tant que votre compte sera actif ou qu'il est raisonnablement n\u00e9cessaire aux fins d\u00e9finies dans la mani\u00e8re dont nous utilisons vos donn\u00e9es personnelles et pourquoi, \u00e0 moins que vous ne nous demandiez de supprimer vos donn\u00e9es personnelles, comme d\u00e9crit dans vos droits relatifs \u00e0 vos donn\u00e9es personnelles. Nous ne conserverons vos donn\u00e9es personnelles que tant que nous en aurons raisonnablement besoin \u00e0 ces fins, \u00e0 moins qu'une p\u00e9riode de conservation plus longue ne soit requise par la loi (par exemple \u00e0 des fins r\u00e9glementaires). Cela peut inclure la conservation de vos donn\u00e9es personnelles apr\u00e8s avoir d\u00e9sactiv\u00e9 votre compte pendant la p\u00e9riode de temps n\u00e9cessaire pour poursuivre des int\u00e9r\u00eats commerciaux l\u00e9gitimes, mener des audits, respecter (et d\u00e9montrer le respect) des obligations l\u00e9gales, r\u00e9soudre les litiges et appliquer nos accords.<\/div>\n<div class=\"container-Uxvbjy md-box-line-break wrapper-GYqxgQ undefined\">\u00a0<\/div>\n<h4 class=\"auto-hide-last-sibling-br paragraph-pP9ZLC paragraph-element br-paragraph-space\">Que sont les cookies et comment les utilisent-ils pour Keju Pharmaceutica ?<\/h4>\n<div class=\"container-Uxvbjy md-box-line-break wrapper-GYqxgQ undefined\">\u00a0<\/div>\n<div class=\"auto-hide-last-sibling-br paragraph-pP9ZLC paragraph-element br-paragraph-space\">\n<p>Certaines parties de notre syst\u00e8me de gestion de l'apprentissage utilisent des \u201ccookies\u201d afin qu'il puisse imm\u00e9diatement reconna\u00eetre un utilisateur, puis attribuer diff\u00e9rentes autorisations associ\u00e9es \u00e0 la fonctionnalit\u00e9 dans le syst\u00e8me. Un \u201c cookie \u201d est un morceau de donn\u00e9es envoy\u00e9s \u00e0 votre navigateur depuis un serveur Web et stock\u00e9s par votre navigateur sur le disque dur de votre ordinateur. Les param\u00e8tres de votre navigateur doivent \u00eatre d\u00e9finis pour accepter les cookies avant de pouvoir vous connecter ou personnaliser. La plupart des navigateurs sont configur\u00e9s pour accepter les cookies, mais vous pouvez g\u00e9n\u00e9ralement modifier les param\u00e8tres de votre navigateur pour les refuser. t Pharmaceutical n'utilise pas de cookies pour r\u00e9cup\u00e9rer des informations personnelles vous concernant \u00e0 partir de votre ordinateur. Cette politique ne couvre pas l'utilisation des cookies par les annonceurs sur notre site Web. t Pharmaceutical utilise des cookies pour\u00a0:<\/p>\n<p>\u00a0<\/p>\n<p>Recherchez votre nom et vos informations de compte lorsque vous vous connectez \u00e0 votre centre de formation pharmaceutique Keju afin que vous puissiez acc\u00e9der aux informations de votre compte. Lorsque vous vous connectez, le cookie est d\u00e9fini et lorsque vous vous d\u00e9connectez, le cookie est modifi\u00e9.<\/p>\n<p>\u00a0<\/p>\n<p>Estimez la taille de notre public. Chaque navigateur qui visite notre site re\u00e7oit un cookie unique, qui est ensuite utilis\u00e9 pour d\u00e9terminer l'\u00e9tendue des visites r\u00e9p\u00e9t\u00e9es et le nombre de visiteurs uniques.<\/p>\n<p>\u00a0<\/p>\n<\/div>\n<h4 class=\"auto-hide-last-sibling-br paragraph-pP9ZLC paragraph-element br-paragraph-space\">Votre consentement<\/h4>\n<div class=\"container-Uxvbjy md-box-line-break wrapper-GYqxgQ undefined\">\u00a0<\/div>\n<div class=\"auto-hide-last-sibling-br paragraph-pP9ZLC paragraph-element br-paragraph-space\">\n<p>En utilisant notre site Web, vous consentez \u00e0 la collecte et \u00e0 l'utilisation de ces informations par Keju Pharmaceutical. Si nous d\u00e9cidons de modifier notre politique de confidentialit\u00e9, nous publierons ces modifications sur cette page afin que vous sachiez toujours quelles informations nous collectons, comment nous les utilisons et dans quelles circonstances nous les divulguons.<\/p>\n<\/div>\n<h4 class=\"auto-hide-last-sibling-br paragraph-pP9ZLC paragraph-element br-paragraph-space\">Politique d'opt-in \/ de d\u00e9sactivation<\/h4>\n<div class=\"container-Uxvbjy md-box-line-break wrapper-GYqxgQ undefined\">\u00a0<\/div>\n<div class=\"auto-hide-last-sibling-br paragraph-pP9ZLC paragraph-element br-paragraph-space\">\n<p>Lors de l'enregistrement ou de la soumission de renseignements personnels, Keju Pharmaceutical vous propose de recevoir des communications suppl\u00e9mentaires de Keju Pharmaceutical. Si vous choisissez de recevoir ces communications, Keju Pharmaceutical vous enverra occasionnellement des e-mails ou des courriers postaux sur les produits et services qui, selon nous, pourraient vous int\u00e9resser. Pour ne pas recevoir ces offres, suivez simplement les instructions de \u201c d\u00e9sinscription \u201d incluses dans chaque e-mail.<\/p>\n<p>\u00a0<\/p>\n<p>Si vous pr\u00e9f\u00e9rez cesser de recevoir des informations de Keju Pharmaceutical par e-mail, vous pouvez refuser de recevoir ces communications en suivant les instructions incluses dans chaque e-mail. Si vous pr\u00e9f\u00e9rez cesser de recevoir des informations de Keju, des pi\u00e8ces de v\u00e9hicules pharmaceutiques par courrier postal, contactez-nous \u00e0 <em><strong><a href=\"mailto:yuhaizhang@kejuyaoye.com.cn\">yuhaizhang@kejuyaoye.com.cn<\/a><\/strong><\/em>.Keju Pharmaceutical ne vend, n'\u00e9change ou ne loue pas vos informations personnelles \u00e0 des tiers.<\/p>\n<\/div>\n<div class=\"container-Uxvbjy md-box-line-break wrapper-GYqxgQ undefined\">\u00a0<\/div>\n<h4 class=\"auto-hide-last-sibling-br paragraph-pP9ZLC paragraph-element br-paragraph-space\">Contacter le site Web<\/h4>\n<div class=\"container-Uxvbjy md-box-line-break wrapper-GYqxgQ undefined\">\u00a0<\/div>\n<div class=\"auto-hide-last-sibling-br paragraph-pP9ZLC paragraph-element br-paragraph-space\">Si vous avez des questions sur cette politique de confidentialit\u00e9, les pratiques de ce site ou vos relations avec ce site Web, veuillez contacter\u00a0: <em><strong><a href=\"mailto:yuhaizhang@kejuyaoye.com.cn\">yuhaizhang@kejuyaoye.com.cn<\/a><\/strong><\/em>.<\/div>\n<\/div>\n<div id=\"gspb_text-id-gsbp-6088ad6\" class=\"gspb_text gspb_text-id-gsbp-6088ad6\">\u00a0<\/div>\t\t\t\t\t\t\t\t<\/div>\n\t\t\t\t\t<\/div>\n\t\t\t\t<\/div>\n\t\t\t\t<\/div>","protected":false},"excerpt":{"rendered":"<p>Privacy Policy Home Privacy Policy Shandong Keju Pharmaceutical Co., Ltd. is committed to protecting your privacy and earning your trust. &#8220;Keju Pharmaceutical\u00a0does not sell, trade, or rent your personal information to others. This policy discloses the privacy practices for the &#8220;Keju Pharmaceutical\u00a0Web site. We use the information we collect about you from the &#8220;Keju Pharmaceutical\u00a0Web [&hellip;]<\/p>\n","protected":false},"author":1,"featured_media":0,"parent":0,"menu_order":0,"comment_status":"closed","ping_status":"open","template":"","meta":{"footnotes":""},"class_list":["post-3","page","type-page","status-publish","hentry"],"_links":{"self":[{"href":"https:\/\/kejuhealth.com\/fr\/wp-json\/wp\/v2\/pages\/3","targetHints":{"allow":["GET"]}}],"collection":[{"href":"https:\/\/kejuhealth.com\/fr\/wp-json\/wp\/v2\/pages"}],"about":[{"href":"https:\/\/kejuhealth.com\/fr\/wp-json\/wp\/v2\/types\/page"}],"author":[{"embeddable":true,"href":"https:\/\/kejuhealth.com\/fr\/wp-json\/wp\/v2\/users\/1"}],"replies":[{"embeddable":true,"href":"https:\/\/kejuhealth.com\/fr\/wp-json\/wp\/v2\/comments?post=3"}],"version-history":[{"count":6,"href":"https:\/\/kejuhealth.com\/fr\/wp-json\/wp\/v2\/pages\/3\/revisions"}],"predecessor-version":[{"id":1824,"href":"https:\/\/kejuhealth.com\/fr\/wp-json\/wp\/v2\/pages\/3\/revisions\/1824"}],"wp:attachment":[{"href":"https:\/\/kejuhealth.com\/fr\/wp-json\/wp\/v2\/media?parent=3"}],"curies":[{"name":"wp","href":"https:\/\/api.w.org\/{rel}","templated":true}]}}