{"id":2895,"date":"2026-03-13T07:38:39","date_gmt":"2026-03-13T07:38:39","guid":{"rendered":"https:\/\/kejuhealth.com\/?post_type=product&#038;p=2895"},"modified":"2026-04-13T09:01:39","modified_gmt":"2026-04-13T09:01:39","slug":"american-ginseng-oral-liquid","status":"publish","type":"product","link":"https:\/\/kejuhealth.com\/fr\/product\/american-ginseng-oral-liquid\/","title":{"rendered":"Liquide buccal de ginseng am\u00e9ricain"},"content":{"rendered":"<table>\n<tbody>\n<tr>\n<td colspan=\"2\" width=\"566\">\n<p style=\"text-align: center\">Liquide buccal de ginseng am\u00e9ricain<\/p>\n<\/td>\n<\/tr>\n<tr>\n<td width=\"104\">ingr\u00e9dients<\/td>\n<td width=\"462\">American Ginseng, Xylitol, water<\/td>\n<\/tr>\n<tr>\n<td width=\"104\">sp\u00e9cification<\/td>\n<td width=\"462\">10ml\/bottle<\/td>\n<\/tr>\n<tr>\n<td width=\"104\">Type<\/td>\n<td width=\"462\">Bottle<\/td>\n<\/tr>\n<tr>\n<td width=\"104\">Flavor<\/td>\n<td width=\"462\">Other<\/td>\n<\/tr>\n<tr>\n<td width=\"104\">Applicable people<\/td>\n<td width=\"462\">Adult, men, women<\/td>\n<\/tr>\n<tr>\n<td width=\"104\">Not Suitable For<\/td>\n<td width=\"462\">Newborn<\/td>\n<\/tr>\n<tr>\n<td width=\"104\">Shelf Life<\/td>\n<td width=\"462\">24 months<\/td>\n<\/tr>\n<tr>\n<td width=\"104\">Storage Method<\/td>\n<td width=\"462\">Store in a cool and dry place<\/td>\n<\/tr>\n<tr>\n<td width=\"104\">Origin<\/td>\n<td width=\"462\">China,Shandong<\/td>\n<\/tr>\n<tr>\n<td width=\"104\">Certificate<\/td>\n<td width=\"462\">HACCP ISO COA BRC FDA registration<\/td>\n<\/tr>\n<tr>\n<td width=\"104\">Sample<\/td>\n<td width=\"462\">Supports OEM\/ODM Samples<\/td>\n<\/tr>\n<tr>\n<td width=\"104\">OEM\/ODM<\/td>\n<td width=\"462\">Custom Logo<\/td>\n<\/tr>\n<tr>\n<td width=\"104\">MOQ<\/td>\n<td width=\"462\">100000PCS<\/td>\n<\/tr>\n<\/tbody>\n<\/table>\n<p>&nbsp;<\/p>","protected":false},"excerpt":{"rendered":"<p>Ses fonctions principales consistent \u00e0 aider \u00e0 reconstituer l'\u00e9nergie, \u00e0 soulager la fatigue et \u00e0 am\u00e9liorer la r\u00e9sistance naturelle du corps au stress. En tant qu'adaptog\u00e8ne traditionnel, le ginseng am\u00e9ricain peut favoriser la sant\u00e9 du syst\u00e8me immunitaire et aider \u00e0 maintenir le meilleur \u00e9tat du corps et de l'esprit, ce qui en fait un choix id\u00e9al sous la forme d'un liquide rapidement absorbable pour soutenir la sant\u00e9 globale et la vitalit\u00e9 quotidienne.<\/p>","protected":false},"featured_media":2896,"template":"","meta":[],"product_brand":[],"product_cat":[25],"product_tag":[],"class_list":{"0":"post-2895","1":"product","2":"type-product","3":"status-publish","4":"has-post-thumbnail","6":"product_cat-functional-beverage-manufacturing","8":"first","9":"instock","10":"shipping-taxable","11":"product-type-simple"},"_links":{"self":[{"href":"https:\/\/kejuhealth.com\/fr\/wp-json\/wp\/v2\/product\/2895","targetHints":{"allow":["GET"]}}],"collection":[{"href":"https:\/\/kejuhealth.com\/fr\/wp-json\/wp\/v2\/product"}],"about":[{"href":"https:\/\/kejuhealth.com\/fr\/wp-json\/wp\/v2\/types\/product"}],"wp:featuredmedia":[{"embeddable":true,"href":"https:\/\/kejuhealth.com\/fr\/wp-json\/wp\/v2\/media\/2896"}],"wp:attachment":[{"href":"https:\/\/kejuhealth.com\/fr\/wp-json\/wp\/v2\/media?parent=2895"}],"wp:term":[{"taxonomy":"product_brand","embeddable":true,"href":"https:\/\/kejuhealth.com\/fr\/wp-json\/wp\/v2\/product_brand?post=2895"},{"taxonomy":"product_cat","embeddable":true,"href":"https:\/\/kejuhealth.com\/fr\/wp-json\/wp\/v2\/product_cat?post=2895"},{"taxonomy":"product_tag","embeddable":true,"href":"https:\/\/kejuhealth.com\/fr\/wp-json\/wp\/v2\/product_tag?post=2895"}],"curies":[{"name":"wp","href":"https:\/\/api.w.org\/{rel}","templated":true}]}}