{"id":2911,"date":"2026-03-17T06:34:00","date_gmt":"2026-03-17T06:34:00","guid":{"rendered":"https:\/\/kejuhealth.com\/?post_type=product&#038;p=2911"},"modified":"2026-04-08T07:49:08","modified_gmt":"2026-04-08T07:49:08","slug":"soy-isolate-whey-protein-powder","status":"publish","type":"product","link":"https:\/\/kejuhealth.com\/fr\/product\/soy-isolate-whey-protein-powder\/","title":{"rendered":"Isolate de soja et poudre de prot\u00e9ines de lactos\u00e9rum"},"content":{"rendered":"<table class=\"aligncenter\" style=\"border-collapse: collapse;width: 396.77pt\" border=\"0\" width=\"529\" cellspacing=\"0\" cellpadding=\"0\">\n<tbody>\n<tr style=\"height: 77.00pt\">\n<td class=\"et2\" style=\"height: 77pt;width: 396.75pt;text-align: center\" colspan=\"2\" width=\"529\" height=\"102\">\n<table>\n<tbody>\n<tr>\n<td colspan=\"2\" width=\"566\">Isolate de soja et poudre de prot\u00e9ines de lactos\u00e9rum<\/td>\n<\/tr>\n<tr>\n<td width=\"104\">ingr\u00e9dients<\/td>\n<td width=\"462\">Soy protein isolate\uff06whey protein<br \/>\nContains 85.2 grams of protein per 100 grams.<\/td>\n<\/tr>\n<tr>\n<td width=\"104\">sp\u00e9cification<\/td>\n<td width=\"462\">10g\/Bag<\/td>\n<\/tr>\n<tr>\n<td width=\"104\">Type<\/td>\n<td width=\"462\">Bag<\/td>\n<\/tr>\n<tr>\n<td width=\"104\">Flavor<\/td>\n<td width=\"462\">Other<\/td>\n<\/tr>\n<tr>\n<td width=\"104\">Applicable people<\/td>\n<td width=\"462\">Adult, men, women,the elderly<\/td>\n<\/tr>\n<tr>\n<td width=\"104\">Not Suitable For<\/td>\n<td width=\"462\">Newborn<\/td>\n<\/tr>\n<tr>\n<td width=\"104\">Shelf Life<\/td>\n<td width=\"462\">24 months<\/td>\n<\/tr>\n<tr>\n<td width=\"104\">Storage Method<\/td>\n<td width=\"462\">Store in a cool and dry place<\/td>\n<\/tr>\n<tr>\n<td width=\"104\">Origin<\/td>\n<td width=\"462\">China,Shandong<\/td>\n<\/tr>\n<tr>\n<td width=\"104\">Certificate<\/td>\n<td width=\"462\">HACCP ISO COA BRC FDA registration<\/td>\n<\/tr>\n<tr>\n<td width=\"104\">Sample<\/td>\n<td width=\"462\">Supports OEM\/ODM Samples<\/td>\n<\/tr>\n<tr>\n<td width=\"104\">OEM\/ODM<\/td>\n<td width=\"462\">Custom Logo<\/td>\n<\/tr>\n<tr>\n<td width=\"104\">MOQ<\/td>\n<td width=\"462\">100000PCS<\/td>\n<\/tr>\n<\/tbody>\n<\/table>\n<\/td>\n<\/tr>\n<\/tbody>\n<\/table>","protected":false},"excerpt":{"rendered":"<p>Ses fonctions principales consistent \u00e0 fournir un profil complet d'acides amin\u00e9s pour alimenter la synth\u00e8se des prot\u00e9ines musculaires, acc\u00e9l\u00e9rer la r\u00e9cup\u00e9ration apr\u00e8s l'entra\u00eenement et aider \u00e0 pr\u00e9server la masse musculaire maigre. Id\u00e9al pour les athl\u00e8tes et les amateurs de fitness, il favorise les gains de force, les performances physiques et le bien-\u00eatre physique g\u00e9n\u00e9ral.<\/p>","protected":false},"featured_media":2912,"template":"","meta":[],"product_brand":[],"product_cat":[26],"product_tag":[],"class_list":{"0":"post-2911","1":"product","2":"type-product","3":"status-publish","4":"has-post-thumbnail","6":"product_cat-powder-manufacturing","8":"first","9":"instock","10":"shipping-taxable","11":"product-type-simple"},"_links":{"self":[{"href":"https:\/\/kejuhealth.com\/fr\/wp-json\/wp\/v2\/product\/2911","targetHints":{"allow":["GET"]}}],"collection":[{"href":"https:\/\/kejuhealth.com\/fr\/wp-json\/wp\/v2\/product"}],"about":[{"href":"https:\/\/kejuhealth.com\/fr\/wp-json\/wp\/v2\/types\/product"}],"wp:featuredmedia":[{"embeddable":true,"href":"https:\/\/kejuhealth.com\/fr\/wp-json\/wp\/v2\/media\/2912"}],"wp:attachment":[{"href":"https:\/\/kejuhealth.com\/fr\/wp-json\/wp\/v2\/media?parent=2911"}],"wp:term":[{"taxonomy":"product_brand","embeddable":true,"href":"https:\/\/kejuhealth.com\/fr\/wp-json\/wp\/v2\/product_brand?post=2911"},{"taxonomy":"product_cat","embeddable":true,"href":"https:\/\/kejuhealth.com\/fr\/wp-json\/wp\/v2\/product_cat?post=2911"},{"taxonomy":"product_tag","embeddable":true,"href":"https:\/\/kejuhealth.com\/fr\/wp-json\/wp\/v2\/product_tag?post=2911"}],"curies":[{"name":"wp","href":"https:\/\/api.w.org\/{rel}","templated":true}]}}